{"id":190,"date":"2018-12-05T18:31:38","date_gmt":"2018-12-05T17:31:38","guid":{"rendered":"https:\/\/www.software-domain.com\/application-web-nantes\/?page_id=190"},"modified":"2024-05-06T15:24:42","modified_gmt":"2024-05-06T13:24:42","slug":"cas-clients","status":"publish","type":"page","link":"https:\/\/www.software-domain.com\/application-web-nantes\/cas-clients\/","title":{"rendered":"Cas clients"},"content":{"rendered":"","protected":false},"excerpt":{"rendered":"","protected":false},"author":1,"featured_media":0,"parent":0,"menu_order":0,"comment_status":"closed","ping_status":"closed","template":"","meta":[],"acf":[],"yoast_head":"<!-- This site is optimized with the Yoast SEO plugin v17.9 - https:\/\/yoast.com\/wordpress\/plugins\/seo\/ -->\n<title>Cas client -intranet -extranet -application web | Nantes | Software Domain<\/title>\n<meta name=\"description\" content=\"Application web, intranet, extranet, passerelle ERP, Software Domain vous pr\u00e9sente des projets repr\u00e9sentatifs d\u00e9velopp\u00e9 sur mesure ces dernieres ann\u00e9es\" \/>\n<meta name=\"robots\" content=\"index, follow, max-snippet:-1, max-image-preview:large, max-video-preview:-1\" \/>\n<link rel=\"canonical\" href=\"https:\/\/www.software-domain.com\/application-web-nantes\/cas-clients\/\" \/>\n<meta property=\"og:locale\" content=\"fr_FR\" \/>\n<meta property=\"og:type\" content=\"article\" \/>\n<meta property=\"og:title\" content=\"Cas client -intranet -extranet -application web | Nantes | Software Domain\" \/>\n<meta property=\"og:description\" content=\"Application web, intranet, extranet, passerelle ERP, Software Domain vous pr\u00e9sente des projets repr\u00e9sentatifs d\u00e9velopp\u00e9 sur mesure ces dernieres ann\u00e9es\" \/>\n<meta property=\"og:url\" content=\"https:\/\/www.software-domain.com\/application-web-nantes\/cas-clients\/\" \/>\n<meta property=\"og:site_name\" content=\"Software Domain - Application Web\" \/>\n<meta property=\"article:modified_time\" content=\"2024-05-06T13:24:42+00:00\" \/>\n<meta name=\"twitter:card\" content=\"summary_large_image\" \/>\n<script type=\"application\/ld+json\" class=\"yoast-schema-graph\">{\"@context\":\"https:\/\/schema.org\",\"@graph\":[{\"@type\":\"Organization\",\"@id\":\"https:\/\/www.software-domain.com\/application-web-nantes\/#organization\",\"name\":\"Software Domain\",\"url\":\"https:\/\/www.software-domain.com\/application-web-nantes\/\",\"sameAs\":[],\"logo\":{\"@type\":\"ImageObject\",\"@id\":\"https:\/\/www.software-domain.com\/application-web-nantes\/#logo\",\"inLanguage\":\"fr-FR\",\"url\":\"https:\/\/www.software-domain.com\/application-web-nantes\/wp-content\/uploads\/2018\/12\/software-domain.png\",\"contentUrl\":\"https:\/\/www.software-domain.com\/application-web-nantes\/wp-content\/uploads\/2018\/12\/software-domain.png\",\"width\":135,\"height\":49,\"caption\":\"Software Domain\"},\"image\":{\"@id\":\"https:\/\/www.software-domain.com\/application-web-nantes\/#logo\"}},{\"@type\":\"WebSite\",\"@id\":\"https:\/\/www.software-domain.com\/application-web-nantes\/#website\",\"url\":\"https:\/\/www.software-domain.com\/application-web-nantes\/\",\"name\":\"Software Domain\",\"description\":\"\",\"publisher\":{\"@id\":\"https:\/\/www.software-domain.com\/application-web-nantes\/#organization\"},\"potentialAction\":[{\"@type\":\"SearchAction\",\"target\":{\"@type\":\"EntryPoint\",\"urlTemplate\":\"https:\/\/www.software-domain.com\/application-web-nantes\/?s={search_term_string}\"},\"query-input\":\"required name=search_term_string\"}],\"inLanguage\":\"fr-FR\"},{\"@type\":\"WebPage\",\"@id\":\"https:\/\/www.software-domain.com\/application-web-nantes\/cas-clients\/#webpage\",\"url\":\"https:\/\/www.software-domain.com\/application-web-nantes\/cas-clients\/\",\"name\":\"Cas client -intranet -extranet -application web | Nantes | Software Domain\",\"isPartOf\":{\"@id\":\"https:\/\/www.software-domain.com\/application-web-nantes\/#website\"},\"datePublished\":\"2018-12-05T17:31:38+00:00\",\"dateModified\":\"2024-05-06T13:24:42+00:00\",\"description\":\"Application web, intranet, extranet, passerelle ERP, Software Domain vous pr\\u00e9sente des projets repr\\u00e9sentatifs d\\u00e9velopp\\u00e9 sur mesure ces dernieres ann\\u00e9es\",\"breadcrumb\":{\"@id\":\"https:\/\/www.software-domain.com\/application-web-nantes\/cas-clients\/#breadcrumb\"},\"inLanguage\":\"fr-FR\",\"potentialAction\":[{\"@type\":\"ReadAction\",\"target\":[\"https:\/\/www.software-domain.com\/application-web-nantes\/cas-clients\/\"]}]},{\"@type\":\"BreadcrumbList\",\"@id\":\"https:\/\/www.software-domain.com\/application-web-nantes\/cas-clients\/#breadcrumb\",\"itemListElement\":[{\"@type\":\"ListItem\",\"position\":1,\"name\":\"Accueil\",\"item\":\"https:\/\/www.software-domain.com\/application-web-nantes\/\"},{\"@type\":\"ListItem\",\"position\":2,\"name\":\"Cas clients\"}]}]}<\/script>\n<!-- \/ Yoast SEO plugin. -->","yoast_head_json":{"title":"Cas client -intranet -extranet -application web | Nantes | Software Domain","description":"Application web, intranet, extranet, passerelle ERP, Software Domain vous pr\u00e9sente des projets repr\u00e9sentatifs d\u00e9velopp\u00e9 sur mesure ces dernieres ann\u00e9es","robots":{"index":"index","follow":"follow","max-snippet":"max-snippet:-1","max-image-preview":"max-image-preview:large","max-video-preview":"max-video-preview:-1"},"canonical":"https:\/\/www.software-domain.com\/application-web-nantes\/cas-clients\/","og_locale":"fr_FR","og_type":"article","og_title":"Cas client -intranet -extranet -application web | Nantes | Software Domain","og_description":"Application web, intranet, extranet, passerelle ERP, Software Domain vous pr\u00e9sente des projets repr\u00e9sentatifs d\u00e9velopp\u00e9 sur mesure ces dernieres ann\u00e9es","og_url":"https:\/\/www.software-domain.com\/application-web-nantes\/cas-clients\/","og_site_name":"Software Domain - Application Web","article_modified_time":"2024-05-06T13:24:42+00:00","twitter_card":"summary_large_image","schema":{"@context":"https:\/\/schema.org","@graph":[{"@type":"Organization","@id":"https:\/\/www.software-domain.com\/application-web-nantes\/#organization","name":"Software Domain","url":"https:\/\/www.software-domain.com\/application-web-nantes\/","sameAs":[],"logo":{"@type":"ImageObject","@id":"https:\/\/www.software-domain.com\/application-web-nantes\/#logo","inLanguage":"fr-FR","url":"https:\/\/www.software-domain.com\/application-web-nantes\/wp-content\/uploads\/2018\/12\/software-domain.png","contentUrl":"https:\/\/www.software-domain.com\/application-web-nantes\/wp-content\/uploads\/2018\/12\/software-domain.png","width":135,"height":49,"caption":"Software Domain"},"image":{"@id":"https:\/\/www.software-domain.com\/application-web-nantes\/#logo"}},{"@type":"WebSite","@id":"https:\/\/www.software-domain.com\/application-web-nantes\/#website","url":"https:\/\/www.software-domain.com\/application-web-nantes\/","name":"Software Domain","description":"","publisher":{"@id":"https:\/\/www.software-domain.com\/application-web-nantes\/#organization"},"potentialAction":[{"@type":"SearchAction","target":{"@type":"EntryPoint","urlTemplate":"https:\/\/www.software-domain.com\/application-web-nantes\/?s={search_term_string}"},"query-input":"required name=search_term_string"}],"inLanguage":"fr-FR"},{"@type":"WebPage","@id":"https:\/\/www.software-domain.com\/application-web-nantes\/cas-clients\/#webpage","url":"https:\/\/www.software-domain.com\/application-web-nantes\/cas-clients\/","name":"Cas client -intranet -extranet -application web | Nantes | Software Domain","isPartOf":{"@id":"https:\/\/www.software-domain.com\/application-web-nantes\/#website"},"datePublished":"2018-12-05T17:31:38+00:00","dateModified":"2024-05-06T13:24:42+00:00","description":"Application web, intranet, extranet, passerelle ERP, Software Domain vous pr\u00e9sente des projets repr\u00e9sentatifs d\u00e9velopp\u00e9 sur mesure ces dernieres ann\u00e9es","breadcrumb":{"@id":"https:\/\/www.software-domain.com\/application-web-nantes\/cas-clients\/#breadcrumb"},"inLanguage":"fr-FR","potentialAction":[{"@type":"ReadAction","target":["https:\/\/www.software-domain.com\/application-web-nantes\/cas-clients\/"]}]},{"@type":"BreadcrumbList","@id":"https:\/\/www.software-domain.com\/application-web-nantes\/cas-clients\/#breadcrumb","itemListElement":[{"@type":"ListItem","position":1,"name":"Accueil","item":"https:\/\/www.software-domain.com\/application-web-nantes\/"},{"@type":"ListItem","position":2,"name":"Cas clients"}]}]}},"_links":{"self":[{"href":"https:\/\/www.software-domain.com\/application-web-nantes\/wp-json\/wp\/v2\/pages\/190"}],"collection":[{"href":"https:\/\/www.software-domain.com\/application-web-nantes\/wp-json\/wp\/v2\/pages"}],"about":[{"href":"https:\/\/www.software-domain.com\/application-web-nantes\/wp-json\/wp\/v2\/types\/page"}],"author":[{"embeddable":true,"href":"https:\/\/www.software-domain.com\/application-web-nantes\/wp-json\/wp\/v2\/users\/1"}],"replies":[{"embeddable":true,"href":"https:\/\/www.software-domain.com\/application-web-nantes\/wp-json\/wp\/v2\/comments?post=190"}],"version-history":[{"count":33,"href":"https:\/\/www.software-domain.com\/application-web-nantes\/wp-json\/wp\/v2\/pages\/190\/revisions"}],"predecessor-version":[{"id":996,"href":"https:\/\/www.software-domain.com\/application-web-nantes\/wp-json\/wp\/v2\/pages\/190\/revisions\/996"}],"wp:attachment":[{"href":"https:\/\/www.software-domain.com\/application-web-nantes\/wp-json\/wp\/v2\/media?parent=190"}],"curies":[{"name":"wp","href":"https:\/\/api.w.org\/{rel}","templated":true}]}}