{"id":219,"date":"2018-12-05T21:46:12","date_gmt":"2018-12-05T20:46:12","guid":{"rendered":"https:\/\/www.software-domain.com\/application-web-nantes\/?page_id=219"},"modified":"2023-07-11T17:26:14","modified_gmt":"2023-07-11T15:26:14","slug":"application-metier-application-web","status":"publish","type":"page","link":"https:\/\/www.software-domain.com\/application-web-nantes\/application-metier-application-web\/","title":{"rendered":"Application m\u00e9tier, application web, 100 % sur mesure"},"content":{"rendered":"","protected":false},"excerpt":{"rendered":"","protected":false},"author":1,"featured_media":0,"parent":0,"menu_order":0,"comment_status":"closed","ping_status":"closed","template":"","meta":[],"acf":[],"yoast_head":"<!-- This site is optimized with the Yoast SEO plugin v17.9 - https:\/\/yoast.com\/wordpress\/plugins\/seo\/ -->\n<title>Application m\u00e9tier web, sur mesure | Nantes | Software Domain<\/title>\n<meta name=\"description\" content=\"Application m\u00e9tier web d\u00e9velopp\u00e9 sur mesure en fonction de vos besoins, accessible \u00e0 partir d&#039;un navigateur, adapt\u00e9 \u00e0 tous les formats d&#039;\u00e9crans\" \/>\n<meta name=\"robots\" content=\"index, follow, max-snippet:-1, max-image-preview:large, max-video-preview:-1\" \/>\n<link rel=\"canonical\" href=\"https:\/\/www.software-domain.com\/application-web-nantes\/application-metier-application-web\/\" \/>\n<meta property=\"og:locale\" content=\"fr_FR\" \/>\n<meta property=\"og:type\" content=\"article\" \/>\n<meta property=\"og:title\" content=\"Application m\u00e9tier web, sur mesure | Nantes | Software Domain\" \/>\n<meta property=\"og:description\" content=\"Application m\u00e9tier web d\u00e9velopp\u00e9 sur mesure en fonction de vos besoins, accessible \u00e0 partir d&#039;un navigateur, adapt\u00e9 \u00e0 tous les formats d&#039;\u00e9crans\" \/>\n<meta property=\"og:url\" content=\"https:\/\/www.software-domain.com\/application-web-nantes\/application-metier-application-web\/\" \/>\n<meta property=\"og:site_name\" content=\"Software Domain - Application Web\" \/>\n<meta property=\"article:modified_time\" content=\"2023-07-11T15:26:14+00:00\" \/>\n<meta name=\"twitter:card\" content=\"summary_large_image\" \/>\n<script type=\"application\/ld+json\" class=\"yoast-schema-graph\">{\"@context\":\"https:\/\/schema.org\",\"@graph\":[{\"@type\":\"Organization\",\"@id\":\"https:\/\/www.software-domain.com\/application-web-nantes\/#organization\",\"name\":\"Software Domain\",\"url\":\"https:\/\/www.software-domain.com\/application-web-nantes\/\",\"sameAs\":[],\"logo\":{\"@type\":\"ImageObject\",\"@id\":\"https:\/\/www.software-domain.com\/application-web-nantes\/#logo\",\"inLanguage\":\"fr-FR\",\"url\":\"https:\/\/www.software-domain.com\/application-web-nantes\/wp-content\/uploads\/2018\/12\/software-domain.png\",\"contentUrl\":\"https:\/\/www.software-domain.com\/application-web-nantes\/wp-content\/uploads\/2018\/12\/software-domain.png\",\"width\":135,\"height\":49,\"caption\":\"Software Domain\"},\"image\":{\"@id\":\"https:\/\/www.software-domain.com\/application-web-nantes\/#logo\"}},{\"@type\":\"WebSite\",\"@id\":\"https:\/\/www.software-domain.com\/application-web-nantes\/#website\",\"url\":\"https:\/\/www.software-domain.com\/application-web-nantes\/\",\"name\":\"Software Domain\",\"description\":\"\",\"publisher\":{\"@id\":\"https:\/\/www.software-domain.com\/application-web-nantes\/#organization\"},\"potentialAction\":[{\"@type\":\"SearchAction\",\"target\":{\"@type\":\"EntryPoint\",\"urlTemplate\":\"https:\/\/www.software-domain.com\/application-web-nantes\/?s={search_term_string}\"},\"query-input\":\"required name=search_term_string\"}],\"inLanguage\":\"fr-FR\"},{\"@type\":\"WebPage\",\"@id\":\"https:\/\/www.software-domain.com\/application-web-nantes\/application-metier-application-web\/#webpage\",\"url\":\"https:\/\/www.software-domain.com\/application-web-nantes\/application-metier-application-web\/\",\"name\":\"Application m\\u00e9tier web, sur mesure | Nantes | Software Domain\",\"isPartOf\":{\"@id\":\"https:\/\/www.software-domain.com\/application-web-nantes\/#website\"},\"datePublished\":\"2018-12-05T20:46:12+00:00\",\"dateModified\":\"2023-07-11T15:26:14+00:00\",\"description\":\"Application m\\u00e9tier web d\\u00e9velopp\\u00e9 sur mesure en fonction de vos besoins, accessible \\u00e0 partir d'un navigateur, adapt\\u00e9 \\u00e0 tous les formats d'\\u00e9crans\",\"breadcrumb\":{\"@id\":\"https:\/\/www.software-domain.com\/application-web-nantes\/application-metier-application-web\/#breadcrumb\"},\"inLanguage\":\"fr-FR\",\"potentialAction\":[{\"@type\":\"ReadAction\",\"target\":[\"https:\/\/www.software-domain.com\/application-web-nantes\/application-metier-application-web\/\"]}]},{\"@type\":\"BreadcrumbList\",\"@id\":\"https:\/\/www.software-domain.com\/application-web-nantes\/application-metier-application-web\/#breadcrumb\",\"itemListElement\":[{\"@type\":\"ListItem\",\"position\":1,\"name\":\"Accueil\",\"item\":\"https:\/\/www.software-domain.com\/application-web-nantes\/\"},{\"@type\":\"ListItem\",\"position\":2,\"name\":\"Application m\\u00e9tier, application web, 100 % sur mesure\"}]}]}<\/script>\n<!-- \/ Yoast SEO plugin. -->","yoast_head_json":{"title":"Application m\u00e9tier web, sur mesure | Nantes | Software Domain","description":"Application m\u00e9tier web d\u00e9velopp\u00e9 sur mesure en fonction de vos besoins, accessible \u00e0 partir d'un navigateur, adapt\u00e9 \u00e0 tous les formats d'\u00e9crans","robots":{"index":"index","follow":"follow","max-snippet":"max-snippet:-1","max-image-preview":"max-image-preview:large","max-video-preview":"max-video-preview:-1"},"canonical":"https:\/\/www.software-domain.com\/application-web-nantes\/application-metier-application-web\/","og_locale":"fr_FR","og_type":"article","og_title":"Application m\u00e9tier web, sur mesure | Nantes | Software Domain","og_description":"Application m\u00e9tier web d\u00e9velopp\u00e9 sur mesure en fonction de vos besoins, accessible \u00e0 partir d'un navigateur, adapt\u00e9 \u00e0 tous les formats d'\u00e9crans","og_url":"https:\/\/www.software-domain.com\/application-web-nantes\/application-metier-application-web\/","og_site_name":"Software Domain - Application Web","article_modified_time":"2023-07-11T15:26:14+00:00","twitter_card":"summary_large_image","schema":{"@context":"https:\/\/schema.org","@graph":[{"@type":"Organization","@id":"https:\/\/www.software-domain.com\/application-web-nantes\/#organization","name":"Software Domain","url":"https:\/\/www.software-domain.com\/application-web-nantes\/","sameAs":[],"logo":{"@type":"ImageObject","@id":"https:\/\/www.software-domain.com\/application-web-nantes\/#logo","inLanguage":"fr-FR","url":"https:\/\/www.software-domain.com\/application-web-nantes\/wp-content\/uploads\/2018\/12\/software-domain.png","contentUrl":"https:\/\/www.software-domain.com\/application-web-nantes\/wp-content\/uploads\/2018\/12\/software-domain.png","width":135,"height":49,"caption":"Software Domain"},"image":{"@id":"https:\/\/www.software-domain.com\/application-web-nantes\/#logo"}},{"@type":"WebSite","@id":"https:\/\/www.software-domain.com\/application-web-nantes\/#website","url":"https:\/\/www.software-domain.com\/application-web-nantes\/","name":"Software Domain","description":"","publisher":{"@id":"https:\/\/www.software-domain.com\/application-web-nantes\/#organization"},"potentialAction":[{"@type":"SearchAction","target":{"@type":"EntryPoint","urlTemplate":"https:\/\/www.software-domain.com\/application-web-nantes\/?s={search_term_string}"},"query-input":"required name=search_term_string"}],"inLanguage":"fr-FR"},{"@type":"WebPage","@id":"https:\/\/www.software-domain.com\/application-web-nantes\/application-metier-application-web\/#webpage","url":"https:\/\/www.software-domain.com\/application-web-nantes\/application-metier-application-web\/","name":"Application m\u00e9tier web, sur mesure | Nantes | Software Domain","isPartOf":{"@id":"https:\/\/www.software-domain.com\/application-web-nantes\/#website"},"datePublished":"2018-12-05T20:46:12+00:00","dateModified":"2023-07-11T15:26:14+00:00","description":"Application m\u00e9tier web d\u00e9velopp\u00e9 sur mesure en fonction de vos besoins, accessible \u00e0 partir d'un navigateur, adapt\u00e9 \u00e0 tous les formats d'\u00e9crans","breadcrumb":{"@id":"https:\/\/www.software-domain.com\/application-web-nantes\/application-metier-application-web\/#breadcrumb"},"inLanguage":"fr-FR","potentialAction":[{"@type":"ReadAction","target":["https:\/\/www.software-domain.com\/application-web-nantes\/application-metier-application-web\/"]}]},{"@type":"BreadcrumbList","@id":"https:\/\/www.software-domain.com\/application-web-nantes\/application-metier-application-web\/#breadcrumb","itemListElement":[{"@type":"ListItem","position":1,"name":"Accueil","item":"https:\/\/www.software-domain.com\/application-web-nantes\/"},{"@type":"ListItem","position":2,"name":"Application m\u00e9tier, application web, 100 % sur mesure"}]}]}},"_links":{"self":[{"href":"https:\/\/www.software-domain.com\/application-web-nantes\/wp-json\/wp\/v2\/pages\/219"}],"collection":[{"href":"https:\/\/www.software-domain.com\/application-web-nantes\/wp-json\/wp\/v2\/pages"}],"about":[{"href":"https:\/\/www.software-domain.com\/application-web-nantes\/wp-json\/wp\/v2\/types\/page"}],"author":[{"embeddable":true,"href":"https:\/\/www.software-domain.com\/application-web-nantes\/wp-json\/wp\/v2\/users\/1"}],"replies":[{"embeddable":true,"href":"https:\/\/www.software-domain.com\/application-web-nantes\/wp-json\/wp\/v2\/comments?post=219"}],"version-history":[{"count":119,"href":"https:\/\/www.software-domain.com\/application-web-nantes\/wp-json\/wp\/v2\/pages\/219\/revisions"}],"predecessor-version":[{"id":969,"href":"https:\/\/www.software-domain.com\/application-web-nantes\/wp-json\/wp\/v2\/pages\/219\/revisions\/969"}],"wp:attachment":[{"href":"https:\/\/www.software-domain.com\/application-web-nantes\/wp-json\/wp\/v2\/media?parent=219"}],"curies":[{"name":"wp","href":"https:\/\/api.w.org\/{rel}","templated":true}]}}