{"id":231,"date":"2018-12-05T22:00:56","date_gmt":"2018-12-05T21:00:56","guid":{"rendered":"https:\/\/www.software-domain.com\/application-web-nantes\/?page_id=231"},"modified":"2019-10-18T10:51:04","modified_gmt":"2019-10-18T08:51:04","slug":"hebergement-application-web-maintenance-support","status":"publish","type":"page","link":"https:\/\/www.software-domain.com\/application-web-nantes\/hebergement-application-web-maintenance-support\/","title":{"rendered":"H\u00e9bergement, support, maintenance, 100 % sur mesure"},"content":{"rendered":"","protected":false},"excerpt":{"rendered":"","protected":false},"author":1,"featured_media":0,"parent":0,"menu_order":0,"comment_status":"closed","ping_status":"closed","template":"","meta":[],"acf":[],"yoast_head":"<!-- This site is optimized with the Yoast SEO plugin v17.9 - https:\/\/yoast.com\/wordpress\/plugins\/seo\/ -->\n<title>H\u00e9bergement application web, support, maintenance | Software Domain<\/title>\n<meta name=\"description\" content=\"H\u00e9bergement application web, maintenance, support, un service Tout en Un . La r\u00e9ussite de votre projet ne se limite pas \u00e0 sa conception et son d\u00e9veloppement.\" \/>\n<meta name=\"robots\" content=\"index, follow, max-snippet:-1, max-image-preview:large, max-video-preview:-1\" \/>\n<link rel=\"canonical\" href=\"https:\/\/www.software-domain.com\/application-web-nantes\/hebergement-application-web-maintenance-support\/\" \/>\n<meta property=\"og:locale\" content=\"fr_FR\" \/>\n<meta property=\"og:type\" content=\"article\" \/>\n<meta property=\"og:title\" content=\"H\u00e9bergement application web, support, maintenance | Software Domain\" \/>\n<meta property=\"og:description\" content=\"H\u00e9bergement application web, maintenance, support, un service Tout en Un . La r\u00e9ussite de votre projet ne se limite pas \u00e0 sa conception et son d\u00e9veloppement.\" \/>\n<meta property=\"og:url\" content=\"https:\/\/www.software-domain.com\/application-web-nantes\/hebergement-application-web-maintenance-support\/\" \/>\n<meta property=\"og:site_name\" content=\"Software Domain - Application Web\" \/>\n<meta property=\"article:modified_time\" content=\"2019-10-18T08:51:04+00:00\" \/>\n<meta name=\"twitter:card\" content=\"summary_large_image\" \/>\n<script type=\"application\/ld+json\" class=\"yoast-schema-graph\">{\"@context\":\"https:\/\/schema.org\",\"@graph\":[{\"@type\":\"Organization\",\"@id\":\"https:\/\/www.software-domain.com\/application-web-nantes\/#organization\",\"name\":\"Software Domain\",\"url\":\"https:\/\/www.software-domain.com\/application-web-nantes\/\",\"sameAs\":[],\"logo\":{\"@type\":\"ImageObject\",\"@id\":\"https:\/\/www.software-domain.com\/application-web-nantes\/#logo\",\"inLanguage\":\"fr-FR\",\"url\":\"https:\/\/www.software-domain.com\/application-web-nantes\/wp-content\/uploads\/2018\/12\/software-domain.png\",\"contentUrl\":\"https:\/\/www.software-domain.com\/application-web-nantes\/wp-content\/uploads\/2018\/12\/software-domain.png\",\"width\":135,\"height\":49,\"caption\":\"Software Domain\"},\"image\":{\"@id\":\"https:\/\/www.software-domain.com\/application-web-nantes\/#logo\"}},{\"@type\":\"WebSite\",\"@id\":\"https:\/\/www.software-domain.com\/application-web-nantes\/#website\",\"url\":\"https:\/\/www.software-domain.com\/application-web-nantes\/\",\"name\":\"Software Domain\",\"description\":\"\",\"publisher\":{\"@id\":\"https:\/\/www.software-domain.com\/application-web-nantes\/#organization\"},\"potentialAction\":[{\"@type\":\"SearchAction\",\"target\":{\"@type\":\"EntryPoint\",\"urlTemplate\":\"https:\/\/www.software-domain.com\/application-web-nantes\/?s={search_term_string}\"},\"query-input\":\"required name=search_term_string\"}],\"inLanguage\":\"fr-FR\"},{\"@type\":\"WebPage\",\"@id\":\"https:\/\/www.software-domain.com\/application-web-nantes\/hebergement-application-web-maintenance-support\/#webpage\",\"url\":\"https:\/\/www.software-domain.com\/application-web-nantes\/hebergement-application-web-maintenance-support\/\",\"name\":\"H\\u00e9bergement application web, support, maintenance | Software Domain\",\"isPartOf\":{\"@id\":\"https:\/\/www.software-domain.com\/application-web-nantes\/#website\"},\"datePublished\":\"2018-12-05T21:00:56+00:00\",\"dateModified\":\"2019-10-18T08:51:04+00:00\",\"description\":\"H\\u00e9bergement application web, maintenance, support, un service Tout en Un . La r\\u00e9ussite de votre projet ne se limite pas \\u00e0 sa conception et son d\\u00e9veloppement.\",\"breadcrumb\":{\"@id\":\"https:\/\/www.software-domain.com\/application-web-nantes\/hebergement-application-web-maintenance-support\/#breadcrumb\"},\"inLanguage\":\"fr-FR\",\"potentialAction\":[{\"@type\":\"ReadAction\",\"target\":[\"https:\/\/www.software-domain.com\/application-web-nantes\/hebergement-application-web-maintenance-support\/\"]}]},{\"@type\":\"BreadcrumbList\",\"@id\":\"https:\/\/www.software-domain.com\/application-web-nantes\/hebergement-application-web-maintenance-support\/#breadcrumb\",\"itemListElement\":[{\"@type\":\"ListItem\",\"position\":1,\"name\":\"Accueil\",\"item\":\"https:\/\/www.software-domain.com\/application-web-nantes\/\"},{\"@type\":\"ListItem\",\"position\":2,\"name\":\"H\\u00e9bergement, support, maintenance, 100 % sur mesure\"}]}]}<\/script>\n<!-- \/ Yoast SEO plugin. -->","yoast_head_json":{"title":"H\u00e9bergement application web, support, maintenance | Software Domain","description":"H\u00e9bergement application web, maintenance, support, un service Tout en Un . La r\u00e9ussite de votre projet ne se limite pas \u00e0 sa conception et son d\u00e9veloppement.","robots":{"index":"index","follow":"follow","max-snippet":"max-snippet:-1","max-image-preview":"max-image-preview:large","max-video-preview":"max-video-preview:-1"},"canonical":"https:\/\/www.software-domain.com\/application-web-nantes\/hebergement-application-web-maintenance-support\/","og_locale":"fr_FR","og_type":"article","og_title":"H\u00e9bergement application web, support, maintenance | Software Domain","og_description":"H\u00e9bergement application web, maintenance, support, un service Tout en Un . La r\u00e9ussite de votre projet ne se limite pas \u00e0 sa conception et son d\u00e9veloppement.","og_url":"https:\/\/www.software-domain.com\/application-web-nantes\/hebergement-application-web-maintenance-support\/","og_site_name":"Software Domain - Application Web","article_modified_time":"2019-10-18T08:51:04+00:00","twitter_card":"summary_large_image","schema":{"@context":"https:\/\/schema.org","@graph":[{"@type":"Organization","@id":"https:\/\/www.software-domain.com\/application-web-nantes\/#organization","name":"Software Domain","url":"https:\/\/www.software-domain.com\/application-web-nantes\/","sameAs":[],"logo":{"@type":"ImageObject","@id":"https:\/\/www.software-domain.com\/application-web-nantes\/#logo","inLanguage":"fr-FR","url":"https:\/\/www.software-domain.com\/application-web-nantes\/wp-content\/uploads\/2018\/12\/software-domain.png","contentUrl":"https:\/\/www.software-domain.com\/application-web-nantes\/wp-content\/uploads\/2018\/12\/software-domain.png","width":135,"height":49,"caption":"Software Domain"},"image":{"@id":"https:\/\/www.software-domain.com\/application-web-nantes\/#logo"}},{"@type":"WebSite","@id":"https:\/\/www.software-domain.com\/application-web-nantes\/#website","url":"https:\/\/www.software-domain.com\/application-web-nantes\/","name":"Software Domain","description":"","publisher":{"@id":"https:\/\/www.software-domain.com\/application-web-nantes\/#organization"},"potentialAction":[{"@type":"SearchAction","target":{"@type":"EntryPoint","urlTemplate":"https:\/\/www.software-domain.com\/application-web-nantes\/?s={search_term_string}"},"query-input":"required name=search_term_string"}],"inLanguage":"fr-FR"},{"@type":"WebPage","@id":"https:\/\/www.software-domain.com\/application-web-nantes\/hebergement-application-web-maintenance-support\/#webpage","url":"https:\/\/www.software-domain.com\/application-web-nantes\/hebergement-application-web-maintenance-support\/","name":"H\u00e9bergement application web, support, maintenance | Software Domain","isPartOf":{"@id":"https:\/\/www.software-domain.com\/application-web-nantes\/#website"},"datePublished":"2018-12-05T21:00:56+00:00","dateModified":"2019-10-18T08:51:04+00:00","description":"H\u00e9bergement application web, maintenance, support, un service Tout en Un . La r\u00e9ussite de votre projet ne se limite pas \u00e0 sa conception et son d\u00e9veloppement.","breadcrumb":{"@id":"https:\/\/www.software-domain.com\/application-web-nantes\/hebergement-application-web-maintenance-support\/#breadcrumb"},"inLanguage":"fr-FR","potentialAction":[{"@type":"ReadAction","target":["https:\/\/www.software-domain.com\/application-web-nantes\/hebergement-application-web-maintenance-support\/"]}]},{"@type":"BreadcrumbList","@id":"https:\/\/www.software-domain.com\/application-web-nantes\/hebergement-application-web-maintenance-support\/#breadcrumb","itemListElement":[{"@type":"ListItem","position":1,"name":"Accueil","item":"https:\/\/www.software-domain.com\/application-web-nantes\/"},{"@type":"ListItem","position":2,"name":"H\u00e9bergement, support, maintenance, 100 % sur mesure"}]}]}},"_links":{"self":[{"href":"https:\/\/www.software-domain.com\/application-web-nantes\/wp-json\/wp\/v2\/pages\/231"}],"collection":[{"href":"https:\/\/www.software-domain.com\/application-web-nantes\/wp-json\/wp\/v2\/pages"}],"about":[{"href":"https:\/\/www.software-domain.com\/application-web-nantes\/wp-json\/wp\/v2\/types\/page"}],"author":[{"embeddable":true,"href":"https:\/\/www.software-domain.com\/application-web-nantes\/wp-json\/wp\/v2\/users\/1"}],"replies":[{"embeddable":true,"href":"https:\/\/www.software-domain.com\/application-web-nantes\/wp-json\/wp\/v2\/comments?post=231"}],"version-history":[{"count":23,"href":"https:\/\/www.software-domain.com\/application-web-nantes\/wp-json\/wp\/v2\/pages\/231\/revisions"}],"predecessor-version":[{"id":803,"href":"https:\/\/www.software-domain.com\/application-web-nantes\/wp-json\/wp\/v2\/pages\/231\/revisions\/803"}],"wp:attachment":[{"href":"https:\/\/www.software-domain.com\/application-web-nantes\/wp-json\/wp\/v2\/media?parent=231"}],"curies":[{"name":"wp","href":"https:\/\/api.w.org\/{rel}","templated":true}]}}