{"id":1046,"date":"2020-11-02T09:48:34","date_gmt":"2020-11-02T08:48:34","guid":{"rendered":"https:\/\/www.software-domain.com\/creation-site-internet-nantes\/?page_id=1046"},"modified":"2022-03-18T16:43:28","modified_gmt":"2022-03-18T15:43:28","slug":"gestion-de-contenu","status":"publish","type":"page","link":"https:\/\/www.software-domain.com\/creation-site-internet-nantes\/gestion-de-contenu\/","title":{"rendered":"Gestion de contenu"},"content":{"rendered":"","protected":false},"excerpt":{"rendered":"","protected":false},"author":3,"featured_media":0,"parent":0,"menu_order":3,"comment_status":"closed","ping_status":"closed","template":"","meta":[],"acf":[],"yoast_head":"<!-- This site is optimized with the Yoast SEO plugin v17.9 - https:\/\/yoast.com\/wordpress\/plugins\/seo\/ -->\n<title>Conception r\u00e9alisation site web | Nantes | Software Domain<\/title>\n<meta name=\"description\" content=\"Vous souhaitez confier la conception et r\u00e9alisation de votre site web \u00e0 une agence? Software Domain \u00e0 Nantes r\u00e9pond \u00e0 vos besoins de communication digitale.\" \/>\n<meta name=\"robots\" content=\"index, follow, max-snippet:-1, max-image-preview:large, max-video-preview:-1\" \/>\n<link rel=\"canonical\" href=\"https:\/\/www.software-domain.com\/creation-site-internet-nantes\/gestion-de-contenu\/\" \/>\n<meta property=\"og:locale\" content=\"fr_FR\" \/>\n<meta property=\"og:type\" content=\"article\" \/>\n<meta property=\"og:title\" content=\"Conception r\u00e9alisation site web | Nantes | Software Domain\" \/>\n<meta property=\"og:description\" content=\"Vous souhaitez confier la conception et r\u00e9alisation de votre site web \u00e0 une agence? Software Domain \u00e0 Nantes r\u00e9pond \u00e0 vos besoins de communication digitale.\" \/>\n<meta property=\"og:url\" content=\"https:\/\/www.software-domain.com\/creation-site-internet-nantes\/gestion-de-contenu\/\" \/>\n<meta property=\"og:site_name\" content=\"Software Domain - Cr\u00e9ation Site Internet\" \/>\n<meta property=\"article:modified_time\" content=\"2022-03-18T15:43:28+00:00\" \/>\n<meta name=\"twitter:card\" content=\"summary_large_image\" \/>\n<script type=\"application\/ld+json\" class=\"yoast-schema-graph\">{\"@context\":\"https:\/\/schema.org\",\"@graph\":[{\"@type\":\"Organization\",\"@id\":\"https:\/\/www.software-domain.com\/creation-site-internet-nantes\/#organization\",\"name\":\"Software Domain\",\"url\":\"https:\/\/www.software-domain.com\/creation-site-internet-nantes\/\",\"sameAs\":[],\"logo\":{\"@type\":\"ImageObject\",\"@id\":\"https:\/\/www.software-domain.com\/creation-site-internet-nantes\/#logo\",\"inLanguage\":\"fr-FR\",\"url\":\"https:\/\/www.software-domain.com\/creation-site-internet-nantes\/wp-content\/uploads\/2018\/12\/software-domain.png\",\"contentUrl\":\"https:\/\/www.software-domain.com\/creation-site-internet-nantes\/wp-content\/uploads\/2018\/12\/software-domain.png\",\"width\":135,\"height\":49,\"caption\":\"Software Domain\"},\"image\":{\"@id\":\"https:\/\/www.software-domain.com\/creation-site-internet-nantes\/#logo\"}},{\"@type\":\"WebSite\",\"@id\":\"https:\/\/www.software-domain.com\/creation-site-internet-nantes\/#website\",\"url\":\"https:\/\/www.software-domain.com\/creation-site-internet-nantes\/\",\"name\":\"Software Domain\",\"description\":\"\",\"publisher\":{\"@id\":\"https:\/\/www.software-domain.com\/creation-site-internet-nantes\/#organization\"},\"potentialAction\":[{\"@type\":\"SearchAction\",\"target\":{\"@type\":\"EntryPoint\",\"urlTemplate\":\"https:\/\/www.software-domain.com\/creation-site-internet-nantes\/?s={search_term_string}\"},\"query-input\":\"required name=search_term_string\"}],\"inLanguage\":\"fr-FR\"},{\"@type\":\"WebPage\",\"@id\":\"https:\/\/www.software-domain.com\/creation-site-internet-nantes\/gestion-de-contenu\/#webpage\",\"url\":\"https:\/\/www.software-domain.com\/creation-site-internet-nantes\/gestion-de-contenu\/\",\"name\":\"Conception r\\u00e9alisation site web | Nantes | Software Domain\",\"isPartOf\":{\"@id\":\"https:\/\/www.software-domain.com\/creation-site-internet-nantes\/#website\"},\"datePublished\":\"2020-11-02T08:48:34+00:00\",\"dateModified\":\"2022-03-18T15:43:28+00:00\",\"description\":\"Vous souhaitez confier la conception et r\\u00e9alisation de votre site web \\u00e0 une agence? Software Domain \\u00e0 Nantes r\\u00e9pond \\u00e0 vos besoins de communication digitale.\",\"breadcrumb\":{\"@id\":\"https:\/\/www.software-domain.com\/creation-site-internet-nantes\/gestion-de-contenu\/#breadcrumb\"},\"inLanguage\":\"fr-FR\",\"potentialAction\":[{\"@type\":\"ReadAction\",\"target\":[\"https:\/\/www.software-domain.com\/creation-site-internet-nantes\/gestion-de-contenu\/\"]}]},{\"@type\":\"BreadcrumbList\",\"@id\":\"https:\/\/www.software-domain.com\/creation-site-internet-nantes\/gestion-de-contenu\/#breadcrumb\",\"itemListElement\":[{\"@type\":\"ListItem\",\"position\":1,\"name\":\"Accueil\",\"item\":\"https:\/\/www.software-domain.com\/creation-site-internet-nantes\/\"},{\"@type\":\"ListItem\",\"position\":2,\"name\":\"Gestion de contenu\"}]}]}<\/script>\n<!-- \/ Yoast SEO plugin. -->","yoast_head_json":{"title":"Conception r\u00e9alisation site web | Nantes | Software Domain","description":"Vous souhaitez confier la conception et r\u00e9alisation de votre site web \u00e0 une agence? Software Domain \u00e0 Nantes r\u00e9pond \u00e0 vos besoins de communication digitale.","robots":{"index":"index","follow":"follow","max-snippet":"max-snippet:-1","max-image-preview":"max-image-preview:large","max-video-preview":"max-video-preview:-1"},"canonical":"https:\/\/www.software-domain.com\/creation-site-internet-nantes\/gestion-de-contenu\/","og_locale":"fr_FR","og_type":"article","og_title":"Conception r\u00e9alisation site web | Nantes | Software Domain","og_description":"Vous souhaitez confier la conception et r\u00e9alisation de votre site web \u00e0 une agence? Software Domain \u00e0 Nantes r\u00e9pond \u00e0 vos besoins de communication digitale.","og_url":"https:\/\/www.software-domain.com\/creation-site-internet-nantes\/gestion-de-contenu\/","og_site_name":"Software Domain - Cr\u00e9ation Site Internet","article_modified_time":"2022-03-18T15:43:28+00:00","twitter_card":"summary_large_image","schema":{"@context":"https:\/\/schema.org","@graph":[{"@type":"Organization","@id":"https:\/\/www.software-domain.com\/creation-site-internet-nantes\/#organization","name":"Software Domain","url":"https:\/\/www.software-domain.com\/creation-site-internet-nantes\/","sameAs":[],"logo":{"@type":"ImageObject","@id":"https:\/\/www.software-domain.com\/creation-site-internet-nantes\/#logo","inLanguage":"fr-FR","url":"https:\/\/www.software-domain.com\/creation-site-internet-nantes\/wp-content\/uploads\/2018\/12\/software-domain.png","contentUrl":"https:\/\/www.software-domain.com\/creation-site-internet-nantes\/wp-content\/uploads\/2018\/12\/software-domain.png","width":135,"height":49,"caption":"Software Domain"},"image":{"@id":"https:\/\/www.software-domain.com\/creation-site-internet-nantes\/#logo"}},{"@type":"WebSite","@id":"https:\/\/www.software-domain.com\/creation-site-internet-nantes\/#website","url":"https:\/\/www.software-domain.com\/creation-site-internet-nantes\/","name":"Software Domain","description":"","publisher":{"@id":"https:\/\/www.software-domain.com\/creation-site-internet-nantes\/#organization"},"potentialAction":[{"@type":"SearchAction","target":{"@type":"EntryPoint","urlTemplate":"https:\/\/www.software-domain.com\/creation-site-internet-nantes\/?s={search_term_string}"},"query-input":"required name=search_term_string"}],"inLanguage":"fr-FR"},{"@type":"WebPage","@id":"https:\/\/www.software-domain.com\/creation-site-internet-nantes\/gestion-de-contenu\/#webpage","url":"https:\/\/www.software-domain.com\/creation-site-internet-nantes\/gestion-de-contenu\/","name":"Conception r\u00e9alisation site web | Nantes | Software Domain","isPartOf":{"@id":"https:\/\/www.software-domain.com\/creation-site-internet-nantes\/#website"},"datePublished":"2020-11-02T08:48:34+00:00","dateModified":"2022-03-18T15:43:28+00:00","description":"Vous souhaitez confier la conception et r\u00e9alisation de votre site web \u00e0 une agence? Software Domain \u00e0 Nantes r\u00e9pond \u00e0 vos besoins de communication digitale.","breadcrumb":{"@id":"https:\/\/www.software-domain.com\/creation-site-internet-nantes\/gestion-de-contenu\/#breadcrumb"},"inLanguage":"fr-FR","potentialAction":[{"@type":"ReadAction","target":["https:\/\/www.software-domain.com\/creation-site-internet-nantes\/gestion-de-contenu\/"]}]},{"@type":"BreadcrumbList","@id":"https:\/\/www.software-domain.com\/creation-site-internet-nantes\/gestion-de-contenu\/#breadcrumb","itemListElement":[{"@type":"ListItem","position":1,"name":"Accueil","item":"https:\/\/www.software-domain.com\/creation-site-internet-nantes\/"},{"@type":"ListItem","position":2,"name":"Gestion de contenu"}]}]}},"_links":{"self":[{"href":"https:\/\/www.software-domain.com\/creation-site-internet-nantes\/wp-json\/wp\/v2\/pages\/1046"}],"collection":[{"href":"https:\/\/www.software-domain.com\/creation-site-internet-nantes\/wp-json\/wp\/v2\/pages"}],"about":[{"href":"https:\/\/www.software-domain.com\/creation-site-internet-nantes\/wp-json\/wp\/v2\/types\/page"}],"author":[{"embeddable":true,"href":"https:\/\/www.software-domain.com\/creation-site-internet-nantes\/wp-json\/wp\/v2\/users\/3"}],"replies":[{"embeddable":true,"href":"https:\/\/www.software-domain.com\/creation-site-internet-nantes\/wp-json\/wp\/v2\/comments?post=1046"}],"version-history":[{"count":30,"href":"https:\/\/www.software-domain.com\/creation-site-internet-nantes\/wp-json\/wp\/v2\/pages\/1046\/revisions"}],"predecessor-version":[{"id":1578,"href":"https:\/\/www.software-domain.com\/creation-site-internet-nantes\/wp-json\/wp\/v2\/pages\/1046\/revisions\/1578"}],"wp:attachment":[{"href":"https:\/\/www.software-domain.com\/creation-site-internet-nantes\/wp-json\/wp\/v2\/media?parent=1046"}],"curies":[{"name":"wp","href":"https:\/\/api.w.org\/{rel}","templated":true}]}}