{"id":1638,"date":"2020-12-14T16:58:12","date_gmt":"2020-12-14T15:58:12","guid":{"rendered":"https:\/\/www.software-domain.com\/hebergement-site-internet-nantes\/?page_id=1638"},"modified":"2020-12-18T14:27:26","modified_gmt":"2020-12-18T13:27:26","slug":"services-messagerie-et-noms-de-domaine","status":"publish","type":"page","link":"https:\/\/www.software-domain.com\/hebergement-site-internet-nantes\/services-messagerie-et-noms-de-domaine\/","title":{"rendered":"Compte de messagerie pro"},"content":{"rendered":"","protected":false},"excerpt":{"rendered":"","protected":false},"author":3,"featured_media":0,"parent":0,"menu_order":1,"comment_status":"closed","ping_status":"closed","template":"","meta":[],"acf":[],"yoast_head":"<!-- This site is optimized with the Yoast SEO plugin v17.9 - https:\/\/yoast.com\/wordpress\/plugins\/seo\/ -->\n<title>Services messagerie et noms de domaine | Nantes | Software Domain<\/title>\n<meta name=\"description\" content=\"Cr\u00e9ation de messagerie professionnelle, certificats SSL, \u00e0 Nantes. Profitez de co\u00fbts int\u00e9ressants pour un excellent niveau de performance et de s\u00e9curit\u00e9.\" \/>\n<meta name=\"robots\" content=\"index, follow, max-snippet:-1, max-image-preview:large, max-video-preview:-1\" \/>\n<link rel=\"canonical\" href=\"https:\/\/www.software-domain.com\/hebergement-site-internet-nantes\/services-messagerie-et-noms-de-domaine\/\" \/>\n<meta property=\"og:locale\" content=\"fr_FR\" \/>\n<meta property=\"og:type\" content=\"article\" \/>\n<meta property=\"og:title\" content=\"Services messagerie et noms de domaine | Nantes | Software Domain\" \/>\n<meta property=\"og:description\" content=\"Cr\u00e9ation de messagerie professionnelle, certificats SSL, \u00e0 Nantes. Profitez de co\u00fbts int\u00e9ressants pour un excellent niveau de performance et de s\u00e9curit\u00e9.\" \/>\n<meta property=\"og:url\" content=\"https:\/\/www.software-domain.com\/hebergement-site-internet-nantes\/services-messagerie-et-noms-de-domaine\/\" \/>\n<meta property=\"og:site_name\" content=\"H\u00e9bergement Site Internet Nantes Software Domain\" \/>\n<meta property=\"article:publisher\" content=\"https:\/\/www.facebook.com\/Agence-web-nantaise-Software-Domain-104850672225531\/\" \/>\n<meta property=\"article:modified_time\" content=\"2020-12-18T13:27:26+00:00\" \/>\n<meta name=\"twitter:card\" content=\"summary_large_image\" \/>\n<meta name=\"twitter:site\" content=\"@softwaredomain\" \/>\n<script type=\"application\/ld+json\" class=\"yoast-schema-graph\">{\"@context\":\"https:\/\/schema.org\",\"@graph\":[{\"@type\":\"Organization\",\"@id\":\"https:\/\/www.software-domain.com\/hebergement-site-internet-nantes\/#organization\",\"name\":\"Software Domain\",\"url\":\"https:\/\/www.software-domain.com\/hebergement-site-internet-nantes\/\",\"sameAs\":[\"https:\/\/www.facebook.com\/Agence-web-nantaise-Software-Domain-104850672225531\/\",\"https:\/\/fr.linkedin.com\/company\/software-domain\",\"https:\/\/www.pinterest.fr\/18e2ddef2d2f027b2095bca2e16257\/\",\"https:\/\/twitter.com\/softwaredomain\"],\"logo\":{\"@type\":\"ImageObject\",\"@id\":\"https:\/\/www.software-domain.com\/hebergement-site-internet-nantes\/#logo\",\"inLanguage\":\"fr-FR\",\"url\":\"https:\/\/www.software-domain.com\/hebergement-site-internet-nantes\/wp-content\/uploads\/2018\/12\/software-domain.png\",\"contentUrl\":\"https:\/\/www.software-domain.com\/hebergement-site-internet-nantes\/wp-content\/uploads\/2018\/12\/software-domain.png\",\"width\":135,\"height\":49,\"caption\":\"Software Domain\"},\"image\":{\"@id\":\"https:\/\/www.software-domain.com\/hebergement-site-internet-nantes\/#logo\"}},{\"@type\":\"WebSite\",\"@id\":\"https:\/\/www.software-domain.com\/hebergement-site-internet-nantes\/#website\",\"url\":\"https:\/\/www.software-domain.com\/hebergement-site-internet-nantes\/\",\"name\":\"H\\u00e9bergement Site Internet Nantes Software Domain\",\"description\":\"S\\u00e9curit\\u00e9 et maintenance applicative de vos sites internet et API web\",\"publisher\":{\"@id\":\"https:\/\/www.software-domain.com\/hebergement-site-internet-nantes\/#organization\"},\"potentialAction\":[{\"@type\":\"SearchAction\",\"target\":{\"@type\":\"EntryPoint\",\"urlTemplate\":\"https:\/\/www.software-domain.com\/hebergement-site-internet-nantes\/?s={search_term_string}\"},\"query-input\":\"required name=search_term_string\"}],\"inLanguage\":\"fr-FR\"},{\"@type\":\"WebPage\",\"@id\":\"https:\/\/www.software-domain.com\/hebergement-site-internet-nantes\/services-messagerie-et-noms-de-domaine\/#webpage\",\"url\":\"https:\/\/www.software-domain.com\/hebergement-site-internet-nantes\/services-messagerie-et-noms-de-domaine\/\",\"name\":\"Services messagerie et noms de domaine | Nantes | Software Domain\",\"isPartOf\":{\"@id\":\"https:\/\/www.software-domain.com\/hebergement-site-internet-nantes\/#website\"},\"datePublished\":\"2020-12-14T15:58:12+00:00\",\"dateModified\":\"2020-12-18T13:27:26+00:00\",\"description\":\"Cr\\u00e9ation de messagerie professionnelle, certificats SSL, \\u00e0 Nantes. Profitez de co\\u00fbts int\\u00e9ressants pour un excellent niveau de performance et de s\\u00e9curit\\u00e9.\",\"breadcrumb\":{\"@id\":\"https:\/\/www.software-domain.com\/hebergement-site-internet-nantes\/services-messagerie-et-noms-de-domaine\/#breadcrumb\"},\"inLanguage\":\"fr-FR\",\"potentialAction\":[{\"@type\":\"ReadAction\",\"target\":[\"https:\/\/www.software-domain.com\/hebergement-site-internet-nantes\/services-messagerie-et-noms-de-domaine\/\"]}]},{\"@type\":\"BreadcrumbList\",\"@id\":\"https:\/\/www.software-domain.com\/hebergement-site-internet-nantes\/services-messagerie-et-noms-de-domaine\/#breadcrumb\",\"itemListElement\":[{\"@type\":\"ListItem\",\"position\":1,\"name\":\"Accueil\",\"item\":\"https:\/\/www.software-domain.com\/hebergement-site-internet-nantes\/\"},{\"@type\":\"ListItem\",\"position\":2,\"name\":\"Compte de messagerie pro\"}]}]}<\/script>\n<!-- \/ Yoast SEO plugin. -->","yoast_head_json":{"title":"Services messagerie et noms de domaine | Nantes | Software Domain","description":"Cr\u00e9ation de messagerie professionnelle, certificats SSL, \u00e0 Nantes. Profitez de co\u00fbts int\u00e9ressants pour un excellent niveau de performance et de s\u00e9curit\u00e9.","robots":{"index":"index","follow":"follow","max-snippet":"max-snippet:-1","max-image-preview":"max-image-preview:large","max-video-preview":"max-video-preview:-1"},"canonical":"https:\/\/www.software-domain.com\/hebergement-site-internet-nantes\/services-messagerie-et-noms-de-domaine\/","og_locale":"fr_FR","og_type":"article","og_title":"Services messagerie et noms de domaine | Nantes | Software Domain","og_description":"Cr\u00e9ation de messagerie professionnelle, certificats SSL, \u00e0 Nantes. Profitez de co\u00fbts int\u00e9ressants pour un excellent niveau de performance et de s\u00e9curit\u00e9.","og_url":"https:\/\/www.software-domain.com\/hebergement-site-internet-nantes\/services-messagerie-et-noms-de-domaine\/","og_site_name":"H\u00e9bergement Site Internet Nantes Software Domain","article_publisher":"https:\/\/www.facebook.com\/Agence-web-nantaise-Software-Domain-104850672225531\/","article_modified_time":"2020-12-18T13:27:26+00:00","twitter_card":"summary_large_image","twitter_site":"@softwaredomain","schema":{"@context":"https:\/\/schema.org","@graph":[{"@type":"Organization","@id":"https:\/\/www.software-domain.com\/hebergement-site-internet-nantes\/#organization","name":"Software Domain","url":"https:\/\/www.software-domain.com\/hebergement-site-internet-nantes\/","sameAs":["https:\/\/www.facebook.com\/Agence-web-nantaise-Software-Domain-104850672225531\/","https:\/\/fr.linkedin.com\/company\/software-domain","https:\/\/www.pinterest.fr\/18e2ddef2d2f027b2095bca2e16257\/","https:\/\/twitter.com\/softwaredomain"],"logo":{"@type":"ImageObject","@id":"https:\/\/www.software-domain.com\/hebergement-site-internet-nantes\/#logo","inLanguage":"fr-FR","url":"https:\/\/www.software-domain.com\/hebergement-site-internet-nantes\/wp-content\/uploads\/2018\/12\/software-domain.png","contentUrl":"https:\/\/www.software-domain.com\/hebergement-site-internet-nantes\/wp-content\/uploads\/2018\/12\/software-domain.png","width":135,"height":49,"caption":"Software Domain"},"image":{"@id":"https:\/\/www.software-domain.com\/hebergement-site-internet-nantes\/#logo"}},{"@type":"WebSite","@id":"https:\/\/www.software-domain.com\/hebergement-site-internet-nantes\/#website","url":"https:\/\/www.software-domain.com\/hebergement-site-internet-nantes\/","name":"H\u00e9bergement Site Internet Nantes Software Domain","description":"S\u00e9curit\u00e9 et maintenance applicative de vos sites internet et API web","publisher":{"@id":"https:\/\/www.software-domain.com\/hebergement-site-internet-nantes\/#organization"},"potentialAction":[{"@type":"SearchAction","target":{"@type":"EntryPoint","urlTemplate":"https:\/\/www.software-domain.com\/hebergement-site-internet-nantes\/?s={search_term_string}"},"query-input":"required name=search_term_string"}],"inLanguage":"fr-FR"},{"@type":"WebPage","@id":"https:\/\/www.software-domain.com\/hebergement-site-internet-nantes\/services-messagerie-et-noms-de-domaine\/#webpage","url":"https:\/\/www.software-domain.com\/hebergement-site-internet-nantes\/services-messagerie-et-noms-de-domaine\/","name":"Services messagerie et noms de domaine | Nantes | Software Domain","isPartOf":{"@id":"https:\/\/www.software-domain.com\/hebergement-site-internet-nantes\/#website"},"datePublished":"2020-12-14T15:58:12+00:00","dateModified":"2020-12-18T13:27:26+00:00","description":"Cr\u00e9ation de messagerie professionnelle, certificats SSL, \u00e0 Nantes. Profitez de co\u00fbts int\u00e9ressants pour un excellent niveau de performance et de s\u00e9curit\u00e9.","breadcrumb":{"@id":"https:\/\/www.software-domain.com\/hebergement-site-internet-nantes\/services-messagerie-et-noms-de-domaine\/#breadcrumb"},"inLanguage":"fr-FR","potentialAction":[{"@type":"ReadAction","target":["https:\/\/www.software-domain.com\/hebergement-site-internet-nantes\/services-messagerie-et-noms-de-domaine\/"]}]},{"@type":"BreadcrumbList","@id":"https:\/\/www.software-domain.com\/hebergement-site-internet-nantes\/services-messagerie-et-noms-de-domaine\/#breadcrumb","itemListElement":[{"@type":"ListItem","position":1,"name":"Accueil","item":"https:\/\/www.software-domain.com\/hebergement-site-internet-nantes\/"},{"@type":"ListItem","position":2,"name":"Compte de messagerie pro"}]}]}},"_links":{"self":[{"href":"https:\/\/www.software-domain.com\/hebergement-site-internet-nantes\/wp-json\/wp\/v2\/pages\/1638"}],"collection":[{"href":"https:\/\/www.software-domain.com\/hebergement-site-internet-nantes\/wp-json\/wp\/v2\/pages"}],"about":[{"href":"https:\/\/www.software-domain.com\/hebergement-site-internet-nantes\/wp-json\/wp\/v2\/types\/page"}],"author":[{"embeddable":true,"href":"https:\/\/www.software-domain.com\/hebergement-site-internet-nantes\/wp-json\/wp\/v2\/users\/3"}],"replies":[{"embeddable":true,"href":"https:\/\/www.software-domain.com\/hebergement-site-internet-nantes\/wp-json\/wp\/v2\/comments?post=1638"}],"version-history":[{"count":24,"href":"https:\/\/www.software-domain.com\/hebergement-site-internet-nantes\/wp-json\/wp\/v2\/pages\/1638\/revisions"}],"predecessor-version":[{"id":1762,"href":"https:\/\/www.software-domain.com\/hebergement-site-internet-nantes\/wp-json\/wp\/v2\/pages\/1638\/revisions\/1762"}],"wp:attachment":[{"href":"https:\/\/www.software-domain.com\/hebergement-site-internet-nantes\/wp-json\/wp\/v2\/media?parent=1638"}],"curies":[{"name":"wp","href":"https:\/\/api.w.org\/{rel}","templated":true}]}}