{"id":1792,"date":"2021-12-23T10:57:12","date_gmt":"2021-12-23T09:57:12","guid":{"rendered":"https:\/\/www.software-domain.com\/solutions-ecommerce-nantes\/?page_id=1792"},"modified":"2023-03-20T11:26:34","modified_gmt":"2023-03-20T10:26:34","slug":"caracteristiques-du-produit","status":"publish","type":"page","link":"https:\/\/www.software-domain.com\/solutions-ecommerce-nantes\/les-fonctionnalites-de-nop-commerce\/caracteristiques-du-produit\/","title":{"rendered":"Caract\u00e9ristiques du produit"},"content":{"rendered":"","protected":false},"excerpt":{"rendered":"","protected":false},"author":3,"featured_media":0,"parent":1671,"menu_order":1,"comment_status":"closed","ping_status":"closed","template":"","meta":[],"acf":[],"yoast_head":"<!-- This site is optimized with the Yoast SEO plugin v18.9 - https:\/\/yoast.com\/wordpress\/plugins\/seo\/ -->\n<title>Caract\u00e9ristiques NopCommerce : d\u00e9couvrez le CMS de boutique en ligne<\/title>\n<meta name=\"description\" content=\"Revue des fonctionnalit\u00e9s et caract\u00e9ristiques principales du CMS open source Nopcommerce d\u00e9ploy\u00e9 pour votre boutique en ligne\" \/>\n<meta name=\"robots\" content=\"index, follow, max-snippet:-1, max-image-preview:large, max-video-preview:-1\" \/>\n<link rel=\"canonical\" href=\"https:\/\/www.software-domain.com\/solutions-ecommerce-nantes\/les-fonctionnalites-de-nop-commerce\/caracteristiques-du-produit\/\" \/>\n<meta property=\"og:locale\" content=\"fr_FR\" \/>\n<meta property=\"og:type\" content=\"article\" \/>\n<meta property=\"og:title\" content=\"Quelles sont les caract\u00e9ristiques du CMS Nopcommerce ? Petit tour guid\u00e9 des fonctionnalit\u00e9s principales !\" \/>\n<meta property=\"og:description\" content=\"T\u00e9l\u00e9chargement des fiches produits, gestion des stocks, gestion des prix, comparaison et attributs des produits... les caract\u00e9ristiques ne manquent pas dans le CMS open source NopCommerce, la solution pour votre boutique en ligne !\" \/>\n<meta property=\"og:url\" content=\"https:\/\/www.software-domain.com\/solutions-ecommerce-nantes\/les-fonctionnalites-de-nop-commerce\/caracteristiques-du-produit\/\" \/>\n<meta property=\"og:site_name\" content=\"Cr\u00e9ation site ecommerce \u00e0 Nantes\" \/>\n<meta property=\"article:publisher\" content=\"https:\/\/www.facebook.com\/Agence-web-nantaise-Software-Domain-104850672225531\/\" \/>\n<meta property=\"article:modified_time\" content=\"2023-03-20T10:26:34+00:00\" \/>\n<meta property=\"og:image\" content=\"https:\/\/www.software-domain.com\/solutions-ecommerce-nantes\/wp-content\/uploads\/2018\/12\/AdobeStock_137909448_Preview.jpeg\" \/>\n\t<meta property=\"og:image:width\" content=\"1000\" \/>\n\t<meta property=\"og:image:height\" content=\"604\" \/>\n\t<meta property=\"og:image:type\" content=\"image\/jpeg\" \/>\n<meta name=\"twitter:card\" content=\"summary_large_image\" \/>\n<meta name=\"twitter:title\" content=\"D\u00e9couvrez les fonctionnalit\u00e9s du CMS NopCommerce en 2 mn !\" \/>\n<meta name=\"twitter:description\" content=\"Rapide tour d&#039;horizon des principales caract\u00e9ristiques du logiciel open source NopCommerce, id\u00e9al pour r\u00e9aliser votre boutique en ligne.\" \/>\n<meta name=\"twitter:image\" content=\"https:\/\/www.software-domain.com\/solutions-ecommerce-nantes\/wp-content\/uploads\/2018\/12\/AdobeStock_137909448_Preview.jpeg\" \/>\n<meta name=\"twitter:site\" content=\"@softwaredomain\" \/>\n<script type=\"application\/ld+json\" class=\"yoast-schema-graph\">{\"@context\":\"https:\/\/schema.org\",\"@graph\":[{\"@type\":\"Organization\",\"@id\":\"https:\/\/www.software-domain.com\/solutions-ecommerce-nantes\/#organization\",\"name\":\"Software Domain\",\"url\":\"https:\/\/www.software-domain.com\/solutions-ecommerce-nantes\/\",\"sameAs\":[\"https:\/\/fr.linkedin.com\/company\/software-domain\",\"https:\/\/www.pinterest.fr\/18e2ddef2d2f027b2095bca2e16257\/\",\"https:\/\/www.facebook.com\/Agence-web-nantaise-Software-Domain-104850672225531\/\",\"https:\/\/twitter.com\/softwaredomain\"],\"logo\":{\"@type\":\"ImageObject\",\"inLanguage\":\"fr-FR\",\"@id\":\"https:\/\/www.software-domain.com\/solutions-ecommerce-nantes\/#\/schema\/logo\/image\/\",\"url\":\"https:\/\/www.software-domain.com\/solutions-ecommerce-nantes\/wp-content\/uploads\/2018\/12\/software-domain.png\",\"contentUrl\":\"https:\/\/www.software-domain.com\/solutions-ecommerce-nantes\/wp-content\/uploads\/2018\/12\/software-domain.png\",\"width\":135,\"height\":49,\"caption\":\"Software Domain\"},\"image\":{\"@id\":\"https:\/\/www.software-domain.com\/solutions-ecommerce-nantes\/#\/schema\/logo\/image\/\"}},{\"@type\":\"WebSite\",\"@id\":\"https:\/\/www.software-domain.com\/solutions-ecommerce-nantes\/#website\",\"url\":\"https:\/\/www.software-domain.com\/solutions-ecommerce-nantes\/\",\"name\":\"Cr\u00e9ation site ecommerce \u00e0 Nantes\",\"description\":\"Cr\u00e9ation de boutique e-commerce\",\"publisher\":{\"@id\":\"https:\/\/www.software-domain.com\/solutions-ecommerce-nantes\/#organization\"},\"potentialAction\":[{\"@type\":\"SearchAction\",\"target\":{\"@type\":\"EntryPoint\",\"urlTemplate\":\"https:\/\/www.software-domain.com\/solutions-ecommerce-nantes\/?s={search_term_string}\"},\"query-input\":\"required name=search_term_string\"}],\"inLanguage\":\"fr-FR\"},{\"@type\":\"ImageObject\",\"inLanguage\":\"fr-FR\",\"@id\":\"https:\/\/www.software-domain.com\/solutions-ecommerce-nantes\/les-fonctionnalites-de-nop-commerce\/caracteristiques-du-produit\/#primaryimage\",\"url\":\"https:\/\/www.software-domain.com\/solutions-ecommerce-nantes\/wp-content\/uploads\/2018\/12\/AdobeStock_137909448_Preview.jpeg\",\"contentUrl\":\"https:\/\/www.software-domain.com\/solutions-ecommerce-nantes\/wp-content\/uploads\/2018\/12\/AdobeStock_137909448_Preview.jpeg\",\"width\":1000,\"height\":604,\"caption\":\"Les principales caract\u00e9ristiques du CMS open source\"},{\"@type\":\"WebPage\",\"@id\":\"https:\/\/www.software-domain.com\/solutions-ecommerce-nantes\/les-fonctionnalites-de-nop-commerce\/caracteristiques-du-produit\/#webpage\",\"url\":\"https:\/\/www.software-domain.com\/solutions-ecommerce-nantes\/les-fonctionnalites-de-nop-commerce\/caracteristiques-du-produit\/\",\"name\":\"Caract\u00e9ristiques NopCommerce : d\u00e9couvrez le CMS de boutique en ligne\",\"isPartOf\":{\"@id\":\"https:\/\/www.software-domain.com\/solutions-ecommerce-nantes\/#website\"},\"primaryImageOfPage\":{\"@id\":\"https:\/\/www.software-domain.com\/solutions-ecommerce-nantes\/les-fonctionnalites-de-nop-commerce\/caracteristiques-du-produit\/#primaryimage\"},\"datePublished\":\"2021-12-23T09:57:12+00:00\",\"dateModified\":\"2023-03-20T10:26:34+00:00\",\"description\":\"Revue des fonctionnalit\u00e9s et caract\u00e9ristiques principales du CMS open source Nopcommerce d\u00e9ploy\u00e9 pour votre boutique en ligne\",\"breadcrumb\":{\"@id\":\"https:\/\/www.software-domain.com\/solutions-ecommerce-nantes\/les-fonctionnalites-de-nop-commerce\/caracteristiques-du-produit\/#breadcrumb\"},\"inLanguage\":\"fr-FR\",\"potentialAction\":[{\"@type\":\"ReadAction\",\"target\":[\"https:\/\/www.software-domain.com\/solutions-ecommerce-nantes\/les-fonctionnalites-de-nop-commerce\/caracteristiques-du-produit\/\"]}]},{\"@type\":\"BreadcrumbList\",\"@id\":\"https:\/\/www.software-domain.com\/solutions-ecommerce-nantes\/les-fonctionnalites-de-nop-commerce\/caracteristiques-du-produit\/#breadcrumb\",\"itemListElement\":[{\"@type\":\"ListItem\",\"position\":1,\"name\":\"Accueil\",\"item\":\"https:\/\/www.software-domain.com\/solutions-ecommerce-nantes\/\"},{\"@type\":\"ListItem\",\"position\":2,\"name\":\"Les fonctionnalit\u00e9s\",\"item\":\"https:\/\/www.software-domain.com\/solutions-ecommerce-nantes\/les-fonctionnalites-de-nop-commerce\/\"},{\"@type\":\"ListItem\",\"position\":3,\"name\":\"Caract\u00e9ristiques du produit\"}]}]}<\/script>\n<!-- \/ Yoast SEO plugin. -->","yoast_head_json":{"title":"Caract\u00e9ristiques NopCommerce : d\u00e9couvrez le CMS de boutique en ligne","description":"Revue des fonctionnalit\u00e9s et caract\u00e9ristiques principales du CMS open source Nopcommerce d\u00e9ploy\u00e9 pour votre boutique en ligne","robots":{"index":"index","follow":"follow","max-snippet":"max-snippet:-1","max-image-preview":"max-image-preview:large","max-video-preview":"max-video-preview:-1"},"canonical":"https:\/\/www.software-domain.com\/solutions-ecommerce-nantes\/les-fonctionnalites-de-nop-commerce\/caracteristiques-du-produit\/","og_locale":"fr_FR","og_type":"article","og_title":"Quelles sont les caract\u00e9ristiques du CMS Nopcommerce ? Petit tour guid\u00e9 des fonctionnalit\u00e9s principales !","og_description":"T\u00e9l\u00e9chargement des fiches produits, gestion des stocks, gestion des prix, comparaison et attributs des produits... les caract\u00e9ristiques ne manquent pas dans le CMS open source NopCommerce, la solution pour votre boutique en ligne !","og_url":"https:\/\/www.software-domain.com\/solutions-ecommerce-nantes\/les-fonctionnalites-de-nop-commerce\/caracteristiques-du-produit\/","og_site_name":"Cr\u00e9ation site ecommerce \u00e0 Nantes","article_publisher":"https:\/\/www.facebook.com\/Agence-web-nantaise-Software-Domain-104850672225531\/","article_modified_time":"2023-03-20T10:26:34+00:00","og_image":[{"width":1000,"height":604,"url":"https:\/\/www.software-domain.com\/solutions-ecommerce-nantes\/wp-content\/uploads\/2018\/12\/AdobeStock_137909448_Preview.jpeg","type":"image\/jpeg"}],"twitter_card":"summary_large_image","twitter_title":"D\u00e9couvrez les fonctionnalit\u00e9s du CMS NopCommerce en 2 mn !","twitter_description":"Rapide tour d'horizon des principales caract\u00e9ristiques du logiciel open source NopCommerce, id\u00e9al pour r\u00e9aliser votre boutique en ligne.","twitter_image":"https:\/\/www.software-domain.com\/solutions-ecommerce-nantes\/wp-content\/uploads\/2018\/12\/AdobeStock_137909448_Preview.jpeg","twitter_site":"@softwaredomain","schema":{"@context":"https:\/\/schema.org","@graph":[{"@type":"Organization","@id":"https:\/\/www.software-domain.com\/solutions-ecommerce-nantes\/#organization","name":"Software Domain","url":"https:\/\/www.software-domain.com\/solutions-ecommerce-nantes\/","sameAs":["https:\/\/fr.linkedin.com\/company\/software-domain","https:\/\/www.pinterest.fr\/18e2ddef2d2f027b2095bca2e16257\/","https:\/\/www.facebook.com\/Agence-web-nantaise-Software-Domain-104850672225531\/","https:\/\/twitter.com\/softwaredomain"],"logo":{"@type":"ImageObject","inLanguage":"fr-FR","@id":"https:\/\/www.software-domain.com\/solutions-ecommerce-nantes\/#\/schema\/logo\/image\/","url":"https:\/\/www.software-domain.com\/solutions-ecommerce-nantes\/wp-content\/uploads\/2018\/12\/software-domain.png","contentUrl":"https:\/\/www.software-domain.com\/solutions-ecommerce-nantes\/wp-content\/uploads\/2018\/12\/software-domain.png","width":135,"height":49,"caption":"Software Domain"},"image":{"@id":"https:\/\/www.software-domain.com\/solutions-ecommerce-nantes\/#\/schema\/logo\/image\/"}},{"@type":"WebSite","@id":"https:\/\/www.software-domain.com\/solutions-ecommerce-nantes\/#website","url":"https:\/\/www.software-domain.com\/solutions-ecommerce-nantes\/","name":"Cr\u00e9ation site ecommerce \u00e0 Nantes","description":"Cr\u00e9ation de boutique e-commerce","publisher":{"@id":"https:\/\/www.software-domain.com\/solutions-ecommerce-nantes\/#organization"},"potentialAction":[{"@type":"SearchAction","target":{"@type":"EntryPoint","urlTemplate":"https:\/\/www.software-domain.com\/solutions-ecommerce-nantes\/?s={search_term_string}"},"query-input":"required name=search_term_string"}],"inLanguage":"fr-FR"},{"@type":"ImageObject","inLanguage":"fr-FR","@id":"https:\/\/www.software-domain.com\/solutions-ecommerce-nantes\/les-fonctionnalites-de-nop-commerce\/caracteristiques-du-produit\/#primaryimage","url":"https:\/\/www.software-domain.com\/solutions-ecommerce-nantes\/wp-content\/uploads\/2018\/12\/AdobeStock_137909448_Preview.jpeg","contentUrl":"https:\/\/www.software-domain.com\/solutions-ecommerce-nantes\/wp-content\/uploads\/2018\/12\/AdobeStock_137909448_Preview.jpeg","width":1000,"height":604,"caption":"Les principales caract\u00e9ristiques du CMS open source"},{"@type":"WebPage","@id":"https:\/\/www.software-domain.com\/solutions-ecommerce-nantes\/les-fonctionnalites-de-nop-commerce\/caracteristiques-du-produit\/#webpage","url":"https:\/\/www.software-domain.com\/solutions-ecommerce-nantes\/les-fonctionnalites-de-nop-commerce\/caracteristiques-du-produit\/","name":"Caract\u00e9ristiques NopCommerce : d\u00e9couvrez le CMS de boutique en ligne","isPartOf":{"@id":"https:\/\/www.software-domain.com\/solutions-ecommerce-nantes\/#website"},"primaryImageOfPage":{"@id":"https:\/\/www.software-domain.com\/solutions-ecommerce-nantes\/les-fonctionnalites-de-nop-commerce\/caracteristiques-du-produit\/#primaryimage"},"datePublished":"2021-12-23T09:57:12+00:00","dateModified":"2023-03-20T10:26:34+00:00","description":"Revue des fonctionnalit\u00e9s et caract\u00e9ristiques principales du CMS open source Nopcommerce d\u00e9ploy\u00e9 pour votre boutique en ligne","breadcrumb":{"@id":"https:\/\/www.software-domain.com\/solutions-ecommerce-nantes\/les-fonctionnalites-de-nop-commerce\/caracteristiques-du-produit\/#breadcrumb"},"inLanguage":"fr-FR","potentialAction":[{"@type":"ReadAction","target":["https:\/\/www.software-domain.com\/solutions-ecommerce-nantes\/les-fonctionnalites-de-nop-commerce\/caracteristiques-du-produit\/"]}]},{"@type":"BreadcrumbList","@id":"https:\/\/www.software-domain.com\/solutions-ecommerce-nantes\/les-fonctionnalites-de-nop-commerce\/caracteristiques-du-produit\/#breadcrumb","itemListElement":[{"@type":"ListItem","position":1,"name":"Accueil","item":"https:\/\/www.software-domain.com\/solutions-ecommerce-nantes\/"},{"@type":"ListItem","position":2,"name":"Les fonctionnalit\u00e9s","item":"https:\/\/www.software-domain.com\/solutions-ecommerce-nantes\/les-fonctionnalites-de-nop-commerce\/"},{"@type":"ListItem","position":3,"name":"Caract\u00e9ristiques du produit"}]}]}},"_links":{"self":[{"href":"https:\/\/www.software-domain.com\/solutions-ecommerce-nantes\/wp-json\/wp\/v2\/pages\/1792"}],"collection":[{"href":"https:\/\/www.software-domain.com\/solutions-ecommerce-nantes\/wp-json\/wp\/v2\/pages"}],"about":[{"href":"https:\/\/www.software-domain.com\/solutions-ecommerce-nantes\/wp-json\/wp\/v2\/types\/page"}],"author":[{"embeddable":true,"href":"https:\/\/www.software-domain.com\/solutions-ecommerce-nantes\/wp-json\/wp\/v2\/users\/3"}],"replies":[{"embeddable":true,"href":"https:\/\/www.software-domain.com\/solutions-ecommerce-nantes\/wp-json\/wp\/v2\/comments?post=1792"}],"version-history":[{"count":31,"href":"https:\/\/www.software-domain.com\/solutions-ecommerce-nantes\/wp-json\/wp\/v2\/pages\/1792\/revisions"}],"predecessor-version":[{"id":2222,"href":"https:\/\/www.software-domain.com\/solutions-ecommerce-nantes\/wp-json\/wp\/v2\/pages\/1792\/revisions\/2222"}],"up":[{"embeddable":true,"href":"https:\/\/www.software-domain.com\/solutions-ecommerce-nantes\/wp-json\/wp\/v2\/pages\/1671"}],"wp:attachment":[{"href":"https:\/\/www.software-domain.com\/solutions-ecommerce-nantes\/wp-json\/wp\/v2\/media?parent=1792"}],"curies":[{"name":"wp","href":"https:\/\/api.w.org\/{rel}","templated":true}]}}