{"id":1825,"date":"2021-12-23T15:20:54","date_gmt":"2021-12-23T14:20:54","guid":{"rendered":"https:\/\/www.software-domain.com\/solutions-ecommerce-nantes\/?page_id=1825"},"modified":"2022-05-12T12:07:23","modified_gmt":"2022-05-12T10:07:23","slug":"type-de-paiement-avec-nopcommerce","status":"publish","type":"page","link":"https:\/\/www.software-domain.com\/solutions-ecommerce-nantes\/les-fonctionnalites-de-nop-commerce\/type-de-paiement-avec-nopcommerce\/","title":{"rendered":"Type de paiement avec nopCommerce"},"content":{"rendered":"","protected":false},"excerpt":{"rendered":"","protected":false},"author":3,"featured_media":0,"parent":1671,"menu_order":3,"comment_status":"closed","ping_status":"closed","template":"","meta":[],"acf":[],"yoast_head":"<!-- This site is optimized with the Yoast SEO plugin v18.9 - https:\/\/yoast.com\/wordpress\/plugins\/seo\/ -->\n<title>Solutions de paiement \u00e9lectronique pour boutiques e-commerce en ligne<\/title>\n<meta name=\"description\" content=\"Pour votre site e-commerce, le CMS nopCommerce prend en charge 2 types de paiement utilis\u00e9s par les boutiques en ligne les plus performantes.\" \/>\n<meta name=\"robots\" content=\"index, follow, max-snippet:-1, max-image-preview:large, max-video-preview:-1\" \/>\n<link rel=\"canonical\" href=\"https:\/\/www.software-domain.com\/solutions-ecommerce-nantes\/les-fonctionnalites-de-nop-commerce\/type-de-paiement-avec-nopcommerce\/\" \/>\n<meta property=\"og:locale\" content=\"fr_FR\" \/>\n<meta property=\"og:type\" content=\"article\" \/>\n<meta property=\"og:title\" content=\"Quelle meilleure solution de paiement e-commerce ?\" \/>\n<meta property=\"og:description\" content=\"D\u00e9couvrez NopCommerce pour une solution technologique qui prend en charge deux types de paiement en ligne !\" \/>\n<meta property=\"og:url\" content=\"https:\/\/www.software-domain.com\/solutions-ecommerce-nantes\/les-fonctionnalites-de-nop-commerce\/type-de-paiement-avec-nopcommerce\/\" \/>\n<meta property=\"og:site_name\" content=\"Cr\u00e9ation site ecommerce \u00e0 Nantes\" \/>\n<meta property=\"article:publisher\" content=\"https:\/\/www.facebook.com\/Agence-web-nantaise-Software-Domain-104850672225531\/\" \/>\n<meta property=\"article:modified_time\" content=\"2022-05-12T10:07:23+00:00\" \/>\n<meta property=\"og:image\" content=\"https:\/\/www.software-domain.com\/solutions-ecommerce-nantes\/wp-content\/uploads\/2022\/01\/Securite-autorisations-e-commerce-Software-Domain.jpg\" \/>\n\t<meta property=\"og:image:width\" content=\"1000\" \/>\n\t<meta property=\"og:image:height\" content=\"667\" \/>\n\t<meta property=\"og:image:type\" content=\"image\/jpeg\" \/>\n<meta name=\"twitter:card\" content=\"summary_large_image\" \/>\n<meta name=\"twitter:title\" content=\"Solutions de paiement propos\u00e9es par le CMS E-commerce Nopcommerce\" \/>\n<meta name=\"twitter:description\" content=\"NopCommerce offre deux types de paiement en ligne s\u00e9curis\u00e9 pour votre boutique en ligne !\" \/>\n<meta name=\"twitter:image\" content=\"https:\/\/www.software-domain.com\/solutions-ecommerce-nantes\/wp-content\/uploads\/2022\/01\/Securite-autorisations-e-commerce-Software-Domain.jpg\" \/>\n<meta name=\"twitter:site\" content=\"@softwaredomain\" \/>\n<script type=\"application\/ld+json\" class=\"yoast-schema-graph\">{\"@context\":\"https:\/\/schema.org\",\"@graph\":[{\"@type\":\"Organization\",\"@id\":\"https:\/\/www.software-domain.com\/solutions-ecommerce-nantes\/#organization\",\"name\":\"Software Domain\",\"url\":\"https:\/\/www.software-domain.com\/solutions-ecommerce-nantes\/\",\"sameAs\":[\"https:\/\/fr.linkedin.com\/company\/software-domain\",\"https:\/\/www.pinterest.fr\/18e2ddef2d2f027b2095bca2e16257\/\",\"https:\/\/www.facebook.com\/Agence-web-nantaise-Software-Domain-104850672225531\/\",\"https:\/\/twitter.com\/softwaredomain\"],\"logo\":{\"@type\":\"ImageObject\",\"inLanguage\":\"fr-FR\",\"@id\":\"https:\/\/www.software-domain.com\/solutions-ecommerce-nantes\/#\/schema\/logo\/image\/\",\"url\":\"https:\/\/www.software-domain.com\/solutions-ecommerce-nantes\/wp-content\/uploads\/2018\/12\/software-domain.png\",\"contentUrl\":\"https:\/\/www.software-domain.com\/solutions-ecommerce-nantes\/wp-content\/uploads\/2018\/12\/software-domain.png\",\"width\":135,\"height\":49,\"caption\":\"Software Domain\"},\"image\":{\"@id\":\"https:\/\/www.software-domain.com\/solutions-ecommerce-nantes\/#\/schema\/logo\/image\/\"}},{\"@type\":\"WebSite\",\"@id\":\"https:\/\/www.software-domain.com\/solutions-ecommerce-nantes\/#website\",\"url\":\"https:\/\/www.software-domain.com\/solutions-ecommerce-nantes\/\",\"name\":\"Cr\u00e9ation site ecommerce \u00e0 Nantes\",\"description\":\"Cr\u00e9ation de boutique e-commerce\",\"publisher\":{\"@id\":\"https:\/\/www.software-domain.com\/solutions-ecommerce-nantes\/#organization\"},\"potentialAction\":[{\"@type\":\"SearchAction\",\"target\":{\"@type\":\"EntryPoint\",\"urlTemplate\":\"https:\/\/www.software-domain.com\/solutions-ecommerce-nantes\/?s={search_term_string}\"},\"query-input\":\"required name=search_term_string\"}],\"inLanguage\":\"fr-FR\"},{\"@type\":\"ImageObject\",\"inLanguage\":\"fr-FR\",\"@id\":\"https:\/\/www.software-domain.com\/solutions-ecommerce-nantes\/les-fonctionnalites-de-nop-commerce\/type-de-paiement-avec-nopcommerce\/#primaryimage\",\"url\":\"https:\/\/www.software-domain.com\/solutions-ecommerce-nantes\/wp-content\/uploads\/2022\/01\/Securite-autorisations-e-commerce-Software-Domain.jpg\",\"contentUrl\":\"https:\/\/www.software-domain.com\/solutions-ecommerce-nantes\/wp-content\/uploads\/2022\/01\/Securite-autorisations-e-commerce-Software-Domain.jpg\",\"width\":1000,\"height\":667,\"caption\":\"S\u00e9curit\u00e9 autorisations e-commerce Software Domain\"},{\"@type\":\"WebPage\",\"@id\":\"https:\/\/www.software-domain.com\/solutions-ecommerce-nantes\/les-fonctionnalites-de-nop-commerce\/type-de-paiement-avec-nopcommerce\/#webpage\",\"url\":\"https:\/\/www.software-domain.com\/solutions-ecommerce-nantes\/les-fonctionnalites-de-nop-commerce\/type-de-paiement-avec-nopcommerce\/\",\"name\":\"Solutions de paiement \u00e9lectronique pour boutiques e-commerce en ligne\",\"isPartOf\":{\"@id\":\"https:\/\/www.software-domain.com\/solutions-ecommerce-nantes\/#website\"},\"primaryImageOfPage\":{\"@id\":\"https:\/\/www.software-domain.com\/solutions-ecommerce-nantes\/les-fonctionnalites-de-nop-commerce\/type-de-paiement-avec-nopcommerce\/#primaryimage\"},\"datePublished\":\"2021-12-23T14:20:54+00:00\",\"dateModified\":\"2022-05-12T10:07:23+00:00\",\"description\":\"Pour votre site e-commerce, le CMS nopCommerce prend en charge 2 types de paiement utilis\u00e9s par les boutiques en ligne les plus performantes.\",\"breadcrumb\":{\"@id\":\"https:\/\/www.software-domain.com\/solutions-ecommerce-nantes\/les-fonctionnalites-de-nop-commerce\/type-de-paiement-avec-nopcommerce\/#breadcrumb\"},\"inLanguage\":\"fr-FR\",\"potentialAction\":[{\"@type\":\"ReadAction\",\"target\":[\"https:\/\/www.software-domain.com\/solutions-ecommerce-nantes\/les-fonctionnalites-de-nop-commerce\/type-de-paiement-avec-nopcommerce\/\"]}]},{\"@type\":\"BreadcrumbList\",\"@id\":\"https:\/\/www.software-domain.com\/solutions-ecommerce-nantes\/les-fonctionnalites-de-nop-commerce\/type-de-paiement-avec-nopcommerce\/#breadcrumb\",\"itemListElement\":[{\"@type\":\"ListItem\",\"position\":1,\"name\":\"Accueil\",\"item\":\"https:\/\/www.software-domain.com\/solutions-ecommerce-nantes\/\"},{\"@type\":\"ListItem\",\"position\":2,\"name\":\"Les fonctionnalit\u00e9s\",\"item\":\"https:\/\/www.software-domain.com\/solutions-ecommerce-nantes\/les-fonctionnalites-de-nop-commerce\/\"},{\"@type\":\"ListItem\",\"position\":3,\"name\":\"Type de paiement avec nopCommerce\"}]}]}<\/script>\n<!-- \/ Yoast SEO plugin. -->","yoast_head_json":{"title":"Solutions de paiement \u00e9lectronique pour boutiques e-commerce en ligne","description":"Pour votre site e-commerce, le CMS nopCommerce prend en charge 2 types de paiement utilis\u00e9s par les boutiques en ligne les plus performantes.","robots":{"index":"index","follow":"follow","max-snippet":"max-snippet:-1","max-image-preview":"max-image-preview:large","max-video-preview":"max-video-preview:-1"},"canonical":"https:\/\/www.software-domain.com\/solutions-ecommerce-nantes\/les-fonctionnalites-de-nop-commerce\/type-de-paiement-avec-nopcommerce\/","og_locale":"fr_FR","og_type":"article","og_title":"Quelle meilleure solution de paiement e-commerce ?","og_description":"D\u00e9couvrez NopCommerce pour une solution technologique qui prend en charge deux types de paiement en ligne !","og_url":"https:\/\/www.software-domain.com\/solutions-ecommerce-nantes\/les-fonctionnalites-de-nop-commerce\/type-de-paiement-avec-nopcommerce\/","og_site_name":"Cr\u00e9ation site ecommerce \u00e0 Nantes","article_publisher":"https:\/\/www.facebook.com\/Agence-web-nantaise-Software-Domain-104850672225531\/","article_modified_time":"2022-05-12T10:07:23+00:00","og_image":[{"width":1000,"height":667,"url":"https:\/\/www.software-domain.com\/solutions-ecommerce-nantes\/wp-content\/uploads\/2022\/01\/Securite-autorisations-e-commerce-Software-Domain.jpg","type":"image\/jpeg"}],"twitter_card":"summary_large_image","twitter_title":"Solutions de paiement propos\u00e9es par le CMS E-commerce Nopcommerce","twitter_description":"NopCommerce offre deux types de paiement en ligne s\u00e9curis\u00e9 pour votre boutique en ligne !","twitter_image":"https:\/\/www.software-domain.com\/solutions-ecommerce-nantes\/wp-content\/uploads\/2022\/01\/Securite-autorisations-e-commerce-Software-Domain.jpg","twitter_site":"@softwaredomain","schema":{"@context":"https:\/\/schema.org","@graph":[{"@type":"Organization","@id":"https:\/\/www.software-domain.com\/solutions-ecommerce-nantes\/#organization","name":"Software Domain","url":"https:\/\/www.software-domain.com\/solutions-ecommerce-nantes\/","sameAs":["https:\/\/fr.linkedin.com\/company\/software-domain","https:\/\/www.pinterest.fr\/18e2ddef2d2f027b2095bca2e16257\/","https:\/\/www.facebook.com\/Agence-web-nantaise-Software-Domain-104850672225531\/","https:\/\/twitter.com\/softwaredomain"],"logo":{"@type":"ImageObject","inLanguage":"fr-FR","@id":"https:\/\/www.software-domain.com\/solutions-ecommerce-nantes\/#\/schema\/logo\/image\/","url":"https:\/\/www.software-domain.com\/solutions-ecommerce-nantes\/wp-content\/uploads\/2018\/12\/software-domain.png","contentUrl":"https:\/\/www.software-domain.com\/solutions-ecommerce-nantes\/wp-content\/uploads\/2018\/12\/software-domain.png","width":135,"height":49,"caption":"Software Domain"},"image":{"@id":"https:\/\/www.software-domain.com\/solutions-ecommerce-nantes\/#\/schema\/logo\/image\/"}},{"@type":"WebSite","@id":"https:\/\/www.software-domain.com\/solutions-ecommerce-nantes\/#website","url":"https:\/\/www.software-domain.com\/solutions-ecommerce-nantes\/","name":"Cr\u00e9ation site ecommerce \u00e0 Nantes","description":"Cr\u00e9ation de boutique e-commerce","publisher":{"@id":"https:\/\/www.software-domain.com\/solutions-ecommerce-nantes\/#organization"},"potentialAction":[{"@type":"SearchAction","target":{"@type":"EntryPoint","urlTemplate":"https:\/\/www.software-domain.com\/solutions-ecommerce-nantes\/?s={search_term_string}"},"query-input":"required name=search_term_string"}],"inLanguage":"fr-FR"},{"@type":"ImageObject","inLanguage":"fr-FR","@id":"https:\/\/www.software-domain.com\/solutions-ecommerce-nantes\/les-fonctionnalites-de-nop-commerce\/type-de-paiement-avec-nopcommerce\/#primaryimage","url":"https:\/\/www.software-domain.com\/solutions-ecommerce-nantes\/wp-content\/uploads\/2022\/01\/Securite-autorisations-e-commerce-Software-Domain.jpg","contentUrl":"https:\/\/www.software-domain.com\/solutions-ecommerce-nantes\/wp-content\/uploads\/2022\/01\/Securite-autorisations-e-commerce-Software-Domain.jpg","width":1000,"height":667,"caption":"S\u00e9curit\u00e9 autorisations e-commerce Software Domain"},{"@type":"WebPage","@id":"https:\/\/www.software-domain.com\/solutions-ecommerce-nantes\/les-fonctionnalites-de-nop-commerce\/type-de-paiement-avec-nopcommerce\/#webpage","url":"https:\/\/www.software-domain.com\/solutions-ecommerce-nantes\/les-fonctionnalites-de-nop-commerce\/type-de-paiement-avec-nopcommerce\/","name":"Solutions de paiement \u00e9lectronique pour boutiques e-commerce en ligne","isPartOf":{"@id":"https:\/\/www.software-domain.com\/solutions-ecommerce-nantes\/#website"},"primaryImageOfPage":{"@id":"https:\/\/www.software-domain.com\/solutions-ecommerce-nantes\/les-fonctionnalites-de-nop-commerce\/type-de-paiement-avec-nopcommerce\/#primaryimage"},"datePublished":"2021-12-23T14:20:54+00:00","dateModified":"2022-05-12T10:07:23+00:00","description":"Pour votre site e-commerce, le CMS nopCommerce prend en charge 2 types de paiement utilis\u00e9s par les boutiques en ligne les plus performantes.","breadcrumb":{"@id":"https:\/\/www.software-domain.com\/solutions-ecommerce-nantes\/les-fonctionnalites-de-nop-commerce\/type-de-paiement-avec-nopcommerce\/#breadcrumb"},"inLanguage":"fr-FR","potentialAction":[{"@type":"ReadAction","target":["https:\/\/www.software-domain.com\/solutions-ecommerce-nantes\/les-fonctionnalites-de-nop-commerce\/type-de-paiement-avec-nopcommerce\/"]}]},{"@type":"BreadcrumbList","@id":"https:\/\/www.software-domain.com\/solutions-ecommerce-nantes\/les-fonctionnalites-de-nop-commerce\/type-de-paiement-avec-nopcommerce\/#breadcrumb","itemListElement":[{"@type":"ListItem","position":1,"name":"Accueil","item":"https:\/\/www.software-domain.com\/solutions-ecommerce-nantes\/"},{"@type":"ListItem","position":2,"name":"Les fonctionnalit\u00e9s","item":"https:\/\/www.software-domain.com\/solutions-ecommerce-nantes\/les-fonctionnalites-de-nop-commerce\/"},{"@type":"ListItem","position":3,"name":"Type de paiement avec nopCommerce"}]}]}},"_links":{"self":[{"href":"https:\/\/www.software-domain.com\/solutions-ecommerce-nantes\/wp-json\/wp\/v2\/pages\/1825"}],"collection":[{"href":"https:\/\/www.software-domain.com\/solutions-ecommerce-nantes\/wp-json\/wp\/v2\/pages"}],"about":[{"href":"https:\/\/www.software-domain.com\/solutions-ecommerce-nantes\/wp-json\/wp\/v2\/types\/page"}],"author":[{"embeddable":true,"href":"https:\/\/www.software-domain.com\/solutions-ecommerce-nantes\/wp-json\/wp\/v2\/users\/3"}],"replies":[{"embeddable":true,"href":"https:\/\/www.software-domain.com\/solutions-ecommerce-nantes\/wp-json\/wp\/v2\/comments?post=1825"}],"version-history":[{"count":9,"href":"https:\/\/www.software-domain.com\/solutions-ecommerce-nantes\/wp-json\/wp\/v2\/pages\/1825\/revisions"}],"predecessor-version":[{"id":2134,"href":"https:\/\/www.software-domain.com\/solutions-ecommerce-nantes\/wp-json\/wp\/v2\/pages\/1825\/revisions\/2134"}],"up":[{"embeddable":true,"href":"https:\/\/www.software-domain.com\/solutions-ecommerce-nantes\/wp-json\/wp\/v2\/pages\/1671"}],"wp:attachment":[{"href":"https:\/\/www.software-domain.com\/solutions-ecommerce-nantes\/wp-json\/wp\/v2\/media?parent=1825"}],"curies":[{"name":"wp","href":"https:\/\/api.w.org\/{rel}","templated":true}]}}