{"id":183,"date":"2018-12-05T17:30:01","date_gmt":"2018-12-05T16:30:01","guid":{"rendered":"https:\/\/www.software-domain.com\/creation-site-internet-nantes\/?page_id=183"},"modified":"2024-01-18T10:32:45","modified_gmt":"2024-01-18T09:32:45","slug":"mentions-legales-politique-de-confidentialite","status":"publish","type":"page","link":"https:\/\/www.software-domain.com\/solutions-ecommerce-nantes\/mentions-legales-politique-de-confidentialite\/","title":{"rendered":"Mentions l\u00e9gales &#8211; Politique de confidentialit\u00e9"},"content":{"rendered":"","protected":false},"excerpt":{"rendered":"","protected":false},"author":3,"featured_media":0,"parent":0,"menu_order":0,"comment_status":"closed","ping_status":"closed","template":"","meta":[],"acf":[],"yoast_head":"<!-- This site is optimized with the Yoast SEO plugin v18.9 - https:\/\/yoast.com\/wordpress\/plugins\/seo\/ -->\n<title>Mentions l\u00e9gales - Politique de confidentialit\u00e9 - Cr\u00e9ation site ecommerce \u00e0 Nantes<\/title>\n<meta name=\"robots\" content=\"index, follow, max-snippet:-1, max-image-preview:large, max-video-preview:-1\" \/>\n<link rel=\"canonical\" href=\"https:\/\/www.software-domain.com\/solutions-ecommerce-nantes\/mentions-legales-politique-de-confidentialite\/\" \/>\n<meta property=\"og:locale\" content=\"fr_FR\" \/>\n<meta property=\"og:type\" content=\"article\" \/>\n<meta property=\"og:title\" content=\"Mentions l\u00e9gales - Politique de confidentialit\u00e9 - Cr\u00e9ation site ecommerce \u00e0 Nantes\" \/>\n<meta property=\"og:url\" content=\"https:\/\/www.software-domain.com\/solutions-ecommerce-nantes\/mentions-legales-politique-de-confidentialite\/\" \/>\n<meta property=\"og:site_name\" content=\"Cr\u00e9ation site ecommerce \u00e0 Nantes\" \/>\n<meta property=\"article:publisher\" content=\"https:\/\/www.facebook.com\/Agence-web-nantaise-Software-Domain-104850672225531\/\" \/>\n<meta property=\"article:modified_time\" content=\"2024-01-18T09:32:45+00:00\" \/>\n<meta name=\"twitter:card\" content=\"summary_large_image\" \/>\n<meta name=\"twitter:site\" content=\"@softwaredomain\" \/>\n<script type=\"application\/ld+json\" class=\"yoast-schema-graph\">{\"@context\":\"https:\/\/schema.org\",\"@graph\":[{\"@type\":\"Organization\",\"@id\":\"https:\/\/www.software-domain.com\/solutions-ecommerce-nantes\/#organization\",\"name\":\"Software Domain\",\"url\":\"https:\/\/www.software-domain.com\/solutions-ecommerce-nantes\/\",\"sameAs\":[\"https:\/\/fr.linkedin.com\/company\/software-domain\",\"https:\/\/www.pinterest.fr\/18e2ddef2d2f027b2095bca2e16257\/\",\"https:\/\/www.facebook.com\/Agence-web-nantaise-Software-Domain-104850672225531\/\",\"https:\/\/twitter.com\/softwaredomain\"],\"logo\":{\"@type\":\"ImageObject\",\"inLanguage\":\"fr-FR\",\"@id\":\"https:\/\/www.software-domain.com\/solutions-ecommerce-nantes\/#\/schema\/logo\/image\/\",\"url\":\"https:\/\/www.software-domain.com\/solutions-ecommerce-nantes\/wp-content\/uploads\/2018\/12\/software-domain.png\",\"contentUrl\":\"https:\/\/www.software-domain.com\/solutions-ecommerce-nantes\/wp-content\/uploads\/2018\/12\/software-domain.png\",\"width\":135,\"height\":49,\"caption\":\"Software Domain\"},\"image\":{\"@id\":\"https:\/\/www.software-domain.com\/solutions-ecommerce-nantes\/#\/schema\/logo\/image\/\"}},{\"@type\":\"WebSite\",\"@id\":\"https:\/\/www.software-domain.com\/solutions-ecommerce-nantes\/#website\",\"url\":\"https:\/\/www.software-domain.com\/solutions-ecommerce-nantes\/\",\"name\":\"Cr\u00e9ation site ecommerce \u00e0 Nantes\",\"description\":\"Cr\u00e9ation de boutique e-commerce\",\"publisher\":{\"@id\":\"https:\/\/www.software-domain.com\/solutions-ecommerce-nantes\/#organization\"},\"potentialAction\":[{\"@type\":\"SearchAction\",\"target\":{\"@type\":\"EntryPoint\",\"urlTemplate\":\"https:\/\/www.software-domain.com\/solutions-ecommerce-nantes\/?s={search_term_string}\"},\"query-input\":\"required name=search_term_string\"}],\"inLanguage\":\"fr-FR\"},{\"@type\":\"WebPage\",\"@id\":\"https:\/\/www.software-domain.com\/solutions-ecommerce-nantes\/mentions-legales-politique-de-confidentialite\/#webpage\",\"url\":\"https:\/\/www.software-domain.com\/solutions-ecommerce-nantes\/mentions-legales-politique-de-confidentialite\/\",\"name\":\"Mentions l\u00e9gales - Politique de confidentialit\u00e9 - Cr\u00e9ation site ecommerce \u00e0 Nantes\",\"isPartOf\":{\"@id\":\"https:\/\/www.software-domain.com\/solutions-ecommerce-nantes\/#website\"},\"datePublished\":\"2018-12-05T16:30:01+00:00\",\"dateModified\":\"2024-01-18T09:32:45+00:00\",\"breadcrumb\":{\"@id\":\"https:\/\/www.software-domain.com\/solutions-ecommerce-nantes\/mentions-legales-politique-de-confidentialite\/#breadcrumb\"},\"inLanguage\":\"fr-FR\",\"potentialAction\":[{\"@type\":\"ReadAction\",\"target\":[\"https:\/\/www.software-domain.com\/solutions-ecommerce-nantes\/mentions-legales-politique-de-confidentialite\/\"]}]},{\"@type\":\"BreadcrumbList\",\"@id\":\"https:\/\/www.software-domain.com\/solutions-ecommerce-nantes\/mentions-legales-politique-de-confidentialite\/#breadcrumb\",\"itemListElement\":[{\"@type\":\"ListItem\",\"position\":1,\"name\":\"Accueil\",\"item\":\"https:\/\/www.software-domain.com\/solutions-ecommerce-nantes\/\"},{\"@type\":\"ListItem\",\"position\":2,\"name\":\"Mentions l\u00e9gales &#8211; Politique de confidentialit\u00e9\"}]}]}<\/script>\n<!-- \/ Yoast SEO plugin. -->","yoast_head_json":{"title":"Mentions l\u00e9gales - Politique de confidentialit\u00e9 - Cr\u00e9ation site ecommerce \u00e0 Nantes","robots":{"index":"index","follow":"follow","max-snippet":"max-snippet:-1","max-image-preview":"max-image-preview:large","max-video-preview":"max-video-preview:-1"},"canonical":"https:\/\/www.software-domain.com\/solutions-ecommerce-nantes\/mentions-legales-politique-de-confidentialite\/","og_locale":"fr_FR","og_type":"article","og_title":"Mentions l\u00e9gales - Politique de confidentialit\u00e9 - Cr\u00e9ation site ecommerce \u00e0 Nantes","og_url":"https:\/\/www.software-domain.com\/solutions-ecommerce-nantes\/mentions-legales-politique-de-confidentialite\/","og_site_name":"Cr\u00e9ation site ecommerce \u00e0 Nantes","article_publisher":"https:\/\/www.facebook.com\/Agence-web-nantaise-Software-Domain-104850672225531\/","article_modified_time":"2024-01-18T09:32:45+00:00","twitter_card":"summary_large_image","twitter_site":"@softwaredomain","schema":{"@context":"https:\/\/schema.org","@graph":[{"@type":"Organization","@id":"https:\/\/www.software-domain.com\/solutions-ecommerce-nantes\/#organization","name":"Software Domain","url":"https:\/\/www.software-domain.com\/solutions-ecommerce-nantes\/","sameAs":["https:\/\/fr.linkedin.com\/company\/software-domain","https:\/\/www.pinterest.fr\/18e2ddef2d2f027b2095bca2e16257\/","https:\/\/www.facebook.com\/Agence-web-nantaise-Software-Domain-104850672225531\/","https:\/\/twitter.com\/softwaredomain"],"logo":{"@type":"ImageObject","inLanguage":"fr-FR","@id":"https:\/\/www.software-domain.com\/solutions-ecommerce-nantes\/#\/schema\/logo\/image\/","url":"https:\/\/www.software-domain.com\/solutions-ecommerce-nantes\/wp-content\/uploads\/2018\/12\/software-domain.png","contentUrl":"https:\/\/www.software-domain.com\/solutions-ecommerce-nantes\/wp-content\/uploads\/2018\/12\/software-domain.png","width":135,"height":49,"caption":"Software Domain"},"image":{"@id":"https:\/\/www.software-domain.com\/solutions-ecommerce-nantes\/#\/schema\/logo\/image\/"}},{"@type":"WebSite","@id":"https:\/\/www.software-domain.com\/solutions-ecommerce-nantes\/#website","url":"https:\/\/www.software-domain.com\/solutions-ecommerce-nantes\/","name":"Cr\u00e9ation site ecommerce \u00e0 Nantes","description":"Cr\u00e9ation de boutique e-commerce","publisher":{"@id":"https:\/\/www.software-domain.com\/solutions-ecommerce-nantes\/#organization"},"potentialAction":[{"@type":"SearchAction","target":{"@type":"EntryPoint","urlTemplate":"https:\/\/www.software-domain.com\/solutions-ecommerce-nantes\/?s={search_term_string}"},"query-input":"required name=search_term_string"}],"inLanguage":"fr-FR"},{"@type":"WebPage","@id":"https:\/\/www.software-domain.com\/solutions-ecommerce-nantes\/mentions-legales-politique-de-confidentialite\/#webpage","url":"https:\/\/www.software-domain.com\/solutions-ecommerce-nantes\/mentions-legales-politique-de-confidentialite\/","name":"Mentions l\u00e9gales - Politique de confidentialit\u00e9 - Cr\u00e9ation site ecommerce \u00e0 Nantes","isPartOf":{"@id":"https:\/\/www.software-domain.com\/solutions-ecommerce-nantes\/#website"},"datePublished":"2018-12-05T16:30:01+00:00","dateModified":"2024-01-18T09:32:45+00:00","breadcrumb":{"@id":"https:\/\/www.software-domain.com\/solutions-ecommerce-nantes\/mentions-legales-politique-de-confidentialite\/#breadcrumb"},"inLanguage":"fr-FR","potentialAction":[{"@type":"ReadAction","target":["https:\/\/www.software-domain.com\/solutions-ecommerce-nantes\/mentions-legales-politique-de-confidentialite\/"]}]},{"@type":"BreadcrumbList","@id":"https:\/\/www.software-domain.com\/solutions-ecommerce-nantes\/mentions-legales-politique-de-confidentialite\/#breadcrumb","itemListElement":[{"@type":"ListItem","position":1,"name":"Accueil","item":"https:\/\/www.software-domain.com\/solutions-ecommerce-nantes\/"},{"@type":"ListItem","position":2,"name":"Mentions l\u00e9gales &#8211; Politique de confidentialit\u00e9"}]}]}},"_links":{"self":[{"href":"https:\/\/www.software-domain.com\/solutions-ecommerce-nantes\/wp-json\/wp\/v2\/pages\/183"}],"collection":[{"href":"https:\/\/www.software-domain.com\/solutions-ecommerce-nantes\/wp-json\/wp\/v2\/pages"}],"about":[{"href":"https:\/\/www.software-domain.com\/solutions-ecommerce-nantes\/wp-json\/wp\/v2\/types\/page"}],"author":[{"embeddable":true,"href":"https:\/\/www.software-domain.com\/solutions-ecommerce-nantes\/wp-json\/wp\/v2\/users\/3"}],"replies":[{"embeddable":true,"href":"https:\/\/www.software-domain.com\/solutions-ecommerce-nantes\/wp-json\/wp\/v2\/comments?post=183"}],"version-history":[{"count":6,"href":"https:\/\/www.software-domain.com\/solutions-ecommerce-nantes\/wp-json\/wp\/v2\/pages\/183\/revisions"}],"predecessor-version":[{"id":2063,"href":"https:\/\/www.software-domain.com\/solutions-ecommerce-nantes\/wp-json\/wp\/v2\/pages\/183\/revisions\/2063"}],"wp:attachment":[{"href":"https:\/\/www.software-domain.com\/solutions-ecommerce-nantes\/wp-json\/wp\/v2\/media?parent=183"}],"curies":[{"name":"wp","href":"https:\/\/api.w.org\/{rel}","templated":true}]}}