{"id":1842,"date":"2021-12-24T10:20:26","date_gmt":"2021-12-24T09:20:26","guid":{"rendered":"https:\/\/www.software-domain.com\/solutions-ecommerce-nantes\/?page_id=1842"},"modified":"2022-05-12T13:30:08","modified_gmt":"2022-05-12T11:30:08","slug":"caracteristiques-et-gestion-dexpedition-dune-boutique-en-ligne","status":"publish","type":"page","link":"https:\/\/www.software-domain.com\/solutions-ecommerce-nantes\/les-fonctionnalites-de-nop-commerce\/caracteristiques-et-gestion-dexpedition-dune-boutique-en-ligne\/","title":{"rendered":"Caract\u00e9ristiques et gestion d&rsquo;exp\u00e9dition d&rsquo;une boutique en ligne"},"content":{"rendered":"","protected":false},"excerpt":{"rendered":"","protected":false},"author":3,"featured_media":0,"parent":1671,"menu_order":5,"comment_status":"closed","ping_status":"closed","template":"","meta":[],"acf":[],"yoast_head":"<!-- This site is optimized with the Yoast SEO plugin v18.9 - https:\/\/yoast.com\/wordpress\/plugins\/seo\/ -->\n<title>Configuration d&#039;exp\u00e9dition pour une boutique en ligne NopCommerce<\/title>\n<meta name=\"description\" content=\"Caract\u00e9ristiques d&#039;exp\u00e9dition d&#039;une boutique en ligne : nopCommerce propose de multiples fonctionnalit\u00e9s pour la gestion des envois.\" \/>\n<meta name=\"robots\" content=\"index, follow, max-snippet:-1, max-image-preview:large, max-video-preview:-1\" \/>\n<link rel=\"canonical\" href=\"https:\/\/www.software-domain.com\/solutions-ecommerce-nantes\/les-fonctionnalites-de-nop-commerce\/caracteristiques-et-gestion-dexpedition-dune-boutique-en-ligne\/\" \/>\n<meta property=\"og:locale\" content=\"fr_FR\" \/>\n<meta property=\"og:type\" content=\"article\" \/>\n<meta property=\"og:title\" content=\"Gestion des exp\u00e9ditions de commande : Nopcommerce pense \u00e0 tout !\" \/>\n<meta property=\"og:description\" content=\"Pour tous vos envois suite \u00e0 un achat sur votre boutique en ligne NopCommerce, d\u00e9couvrez les options de gestion et configuration.\" \/>\n<meta property=\"og:url\" content=\"https:\/\/www.software-domain.com\/solutions-ecommerce-nantes\/les-fonctionnalites-de-nop-commerce\/caracteristiques-et-gestion-dexpedition-dune-boutique-en-ligne\/\" \/>\n<meta property=\"og:site_name\" content=\"Cr\u00e9ation site ecommerce \u00e0 Nantes\" \/>\n<meta property=\"article:publisher\" content=\"https:\/\/www.facebook.com\/Agence-web-nantaise-Software-Domain-104850672225531\/\" \/>\n<meta property=\"article:modified_time\" content=\"2022-05-12T11:30:08+00:00\" \/>\n<meta property=\"og:image\" content=\"https:\/\/www.software-domain.com\/solutions-ecommerce-nantes\/wp-content\/uploads\/2022\/01\/Calcul-frais-livraison-e-commerce-Software-Domain-1.jpg\" \/>\n\t<meta property=\"og:image:width\" content=\"1000\" \/>\n\t<meta property=\"og:image:height\" content=\"667\" \/>\n\t<meta property=\"og:image:type\" content=\"image\/jpeg\" \/>\n<meta name=\"twitter:card\" content=\"summary_large_image\" \/>\n<meta name=\"twitter:title\" content=\"G\u00e9rer les envois de commande dans NopCommerce\" \/>\n<meta name=\"twitter:description\" content=\"Voici nos recommandations de configuration pour votre boutique en ligne NopCommerce : toutes les options !\" \/>\n<meta name=\"twitter:image\" content=\"https:\/\/www.software-domain.com\/solutions-ecommerce-nantes\/wp-content\/uploads\/2022\/01\/Calcul-frais-livraison-e-commerce-Software-Domain-1.jpg\" \/>\n<meta name=\"twitter:site\" content=\"@softwaredomain\" \/>\n<script type=\"application\/ld+json\" class=\"yoast-schema-graph\">{\"@context\":\"https:\/\/schema.org\",\"@graph\":[{\"@type\":\"Organization\",\"@id\":\"https:\/\/www.software-domain.com\/solutions-ecommerce-nantes\/#organization\",\"name\":\"Software Domain\",\"url\":\"https:\/\/www.software-domain.com\/solutions-ecommerce-nantes\/\",\"sameAs\":[\"https:\/\/fr.linkedin.com\/company\/software-domain\",\"https:\/\/www.pinterest.fr\/18e2ddef2d2f027b2095bca2e16257\/\",\"https:\/\/www.facebook.com\/Agence-web-nantaise-Software-Domain-104850672225531\/\",\"https:\/\/twitter.com\/softwaredomain\"],\"logo\":{\"@type\":\"ImageObject\",\"inLanguage\":\"fr-FR\",\"@id\":\"https:\/\/www.software-domain.com\/solutions-ecommerce-nantes\/#\/schema\/logo\/image\/\",\"url\":\"https:\/\/www.software-domain.com\/solutions-ecommerce-nantes\/wp-content\/uploads\/2018\/12\/software-domain.png\",\"contentUrl\":\"https:\/\/www.software-domain.com\/solutions-ecommerce-nantes\/wp-content\/uploads\/2018\/12\/software-domain.png\",\"width\":135,\"height\":49,\"caption\":\"Software Domain\"},\"image\":{\"@id\":\"https:\/\/www.software-domain.com\/solutions-ecommerce-nantes\/#\/schema\/logo\/image\/\"}},{\"@type\":\"WebSite\",\"@id\":\"https:\/\/www.software-domain.com\/solutions-ecommerce-nantes\/#website\",\"url\":\"https:\/\/www.software-domain.com\/solutions-ecommerce-nantes\/\",\"name\":\"Cr\u00e9ation site ecommerce \u00e0 Nantes\",\"description\":\"Cr\u00e9ation de boutique e-commerce\",\"publisher\":{\"@id\":\"https:\/\/www.software-domain.com\/solutions-ecommerce-nantes\/#organization\"},\"potentialAction\":[{\"@type\":\"SearchAction\",\"target\":{\"@type\":\"EntryPoint\",\"urlTemplate\":\"https:\/\/www.software-domain.com\/solutions-ecommerce-nantes\/?s={search_term_string}\"},\"query-input\":\"required name=search_term_string\"}],\"inLanguage\":\"fr-FR\"},{\"@type\":\"ImageObject\",\"inLanguage\":\"fr-FR\",\"@id\":\"https:\/\/www.software-domain.com\/solutions-ecommerce-nantes\/les-fonctionnalites-de-nop-commerce\/caracteristiques-et-gestion-dexpedition-dune-boutique-en-ligne\/#primaryimage\",\"url\":\"https:\/\/www.software-domain.com\/solutions-ecommerce-nantes\/wp-content\/uploads\/2022\/01\/Calcul-frais-livraison-e-commerce-Software-Domain-1.jpg\",\"contentUrl\":\"https:\/\/www.software-domain.com\/solutions-ecommerce-nantes\/wp-content\/uploads\/2022\/01\/Calcul-frais-livraison-e-commerce-Software-Domain-1.jpg\",\"width\":1000,\"height\":667,\"caption\":\"Exp\u00e9dition de commandes et envois de colis\"},{\"@type\":\"WebPage\",\"@id\":\"https:\/\/www.software-domain.com\/solutions-ecommerce-nantes\/les-fonctionnalites-de-nop-commerce\/caracteristiques-et-gestion-dexpedition-dune-boutique-en-ligne\/#webpage\",\"url\":\"https:\/\/www.software-domain.com\/solutions-ecommerce-nantes\/les-fonctionnalites-de-nop-commerce\/caracteristiques-et-gestion-dexpedition-dune-boutique-en-ligne\/\",\"name\":\"Configuration d'exp\u00e9dition pour une boutique en ligne NopCommerce\",\"isPartOf\":{\"@id\":\"https:\/\/www.software-domain.com\/solutions-ecommerce-nantes\/#website\"},\"primaryImageOfPage\":{\"@id\":\"https:\/\/www.software-domain.com\/solutions-ecommerce-nantes\/les-fonctionnalites-de-nop-commerce\/caracteristiques-et-gestion-dexpedition-dune-boutique-en-ligne\/#primaryimage\"},\"datePublished\":\"2021-12-24T09:20:26+00:00\",\"dateModified\":\"2022-05-12T11:30:08+00:00\",\"description\":\"Caract\u00e9ristiques d'exp\u00e9dition d'une boutique en ligne : nopCommerce propose de multiples fonctionnalit\u00e9s pour la gestion des envois.\",\"breadcrumb\":{\"@id\":\"https:\/\/www.software-domain.com\/solutions-ecommerce-nantes\/les-fonctionnalites-de-nop-commerce\/caracteristiques-et-gestion-dexpedition-dune-boutique-en-ligne\/#breadcrumb\"},\"inLanguage\":\"fr-FR\",\"potentialAction\":[{\"@type\":\"ReadAction\",\"target\":[\"https:\/\/www.software-domain.com\/solutions-ecommerce-nantes\/les-fonctionnalites-de-nop-commerce\/caracteristiques-et-gestion-dexpedition-dune-boutique-en-ligne\/\"]}]},{\"@type\":\"BreadcrumbList\",\"@id\":\"https:\/\/www.software-domain.com\/solutions-ecommerce-nantes\/les-fonctionnalites-de-nop-commerce\/caracteristiques-et-gestion-dexpedition-dune-boutique-en-ligne\/#breadcrumb\",\"itemListElement\":[{\"@type\":\"ListItem\",\"position\":1,\"name\":\"Accueil\",\"item\":\"https:\/\/www.software-domain.com\/solutions-ecommerce-nantes\/\"},{\"@type\":\"ListItem\",\"position\":2,\"name\":\"Les fonctionnalit\u00e9s\",\"item\":\"https:\/\/www.software-domain.com\/solutions-ecommerce-nantes\/les-fonctionnalites-de-nop-commerce\/\"},{\"@type\":\"ListItem\",\"position\":3,\"name\":\"Caract\u00e9ristiques et gestion d&rsquo;exp\u00e9dition d&rsquo;une boutique en ligne\"}]}]}<\/script>\n<!-- \/ Yoast SEO plugin. -->","yoast_head_json":{"title":"Configuration d'exp\u00e9dition pour une boutique en ligne NopCommerce","description":"Caract\u00e9ristiques d'exp\u00e9dition d'une boutique en ligne : nopCommerce propose de multiples fonctionnalit\u00e9s pour la gestion des envois.","robots":{"index":"index","follow":"follow","max-snippet":"max-snippet:-1","max-image-preview":"max-image-preview:large","max-video-preview":"max-video-preview:-1"},"canonical":"https:\/\/www.software-domain.com\/solutions-ecommerce-nantes\/les-fonctionnalites-de-nop-commerce\/caracteristiques-et-gestion-dexpedition-dune-boutique-en-ligne\/","og_locale":"fr_FR","og_type":"article","og_title":"Gestion des exp\u00e9ditions de commande : Nopcommerce pense \u00e0 tout !","og_description":"Pour tous vos envois suite \u00e0 un achat sur votre boutique en ligne NopCommerce, d\u00e9couvrez les options de gestion et configuration.","og_url":"https:\/\/www.software-domain.com\/solutions-ecommerce-nantes\/les-fonctionnalites-de-nop-commerce\/caracteristiques-et-gestion-dexpedition-dune-boutique-en-ligne\/","og_site_name":"Cr\u00e9ation site ecommerce \u00e0 Nantes","article_publisher":"https:\/\/www.facebook.com\/Agence-web-nantaise-Software-Domain-104850672225531\/","article_modified_time":"2022-05-12T11:30:08+00:00","og_image":[{"width":1000,"height":667,"url":"https:\/\/www.software-domain.com\/solutions-ecommerce-nantes\/wp-content\/uploads\/2022\/01\/Calcul-frais-livraison-e-commerce-Software-Domain-1.jpg","type":"image\/jpeg"}],"twitter_card":"summary_large_image","twitter_title":"G\u00e9rer les envois de commande dans NopCommerce","twitter_description":"Voici nos recommandations de configuration pour votre boutique en ligne NopCommerce : toutes les options !","twitter_image":"https:\/\/www.software-domain.com\/solutions-ecommerce-nantes\/wp-content\/uploads\/2022\/01\/Calcul-frais-livraison-e-commerce-Software-Domain-1.jpg","twitter_site":"@softwaredomain","schema":{"@context":"https:\/\/schema.org","@graph":[{"@type":"Organization","@id":"https:\/\/www.software-domain.com\/solutions-ecommerce-nantes\/#organization","name":"Software Domain","url":"https:\/\/www.software-domain.com\/solutions-ecommerce-nantes\/","sameAs":["https:\/\/fr.linkedin.com\/company\/software-domain","https:\/\/www.pinterest.fr\/18e2ddef2d2f027b2095bca2e16257\/","https:\/\/www.facebook.com\/Agence-web-nantaise-Software-Domain-104850672225531\/","https:\/\/twitter.com\/softwaredomain"],"logo":{"@type":"ImageObject","inLanguage":"fr-FR","@id":"https:\/\/www.software-domain.com\/solutions-ecommerce-nantes\/#\/schema\/logo\/image\/","url":"https:\/\/www.software-domain.com\/solutions-ecommerce-nantes\/wp-content\/uploads\/2018\/12\/software-domain.png","contentUrl":"https:\/\/www.software-domain.com\/solutions-ecommerce-nantes\/wp-content\/uploads\/2018\/12\/software-domain.png","width":135,"height":49,"caption":"Software Domain"},"image":{"@id":"https:\/\/www.software-domain.com\/solutions-ecommerce-nantes\/#\/schema\/logo\/image\/"}},{"@type":"WebSite","@id":"https:\/\/www.software-domain.com\/solutions-ecommerce-nantes\/#website","url":"https:\/\/www.software-domain.com\/solutions-ecommerce-nantes\/","name":"Cr\u00e9ation site ecommerce \u00e0 Nantes","description":"Cr\u00e9ation de boutique e-commerce","publisher":{"@id":"https:\/\/www.software-domain.com\/solutions-ecommerce-nantes\/#organization"},"potentialAction":[{"@type":"SearchAction","target":{"@type":"EntryPoint","urlTemplate":"https:\/\/www.software-domain.com\/solutions-ecommerce-nantes\/?s={search_term_string}"},"query-input":"required name=search_term_string"}],"inLanguage":"fr-FR"},{"@type":"ImageObject","inLanguage":"fr-FR","@id":"https:\/\/www.software-domain.com\/solutions-ecommerce-nantes\/les-fonctionnalites-de-nop-commerce\/caracteristiques-et-gestion-dexpedition-dune-boutique-en-ligne\/#primaryimage","url":"https:\/\/www.software-domain.com\/solutions-ecommerce-nantes\/wp-content\/uploads\/2022\/01\/Calcul-frais-livraison-e-commerce-Software-Domain-1.jpg","contentUrl":"https:\/\/www.software-domain.com\/solutions-ecommerce-nantes\/wp-content\/uploads\/2022\/01\/Calcul-frais-livraison-e-commerce-Software-Domain-1.jpg","width":1000,"height":667,"caption":"Exp\u00e9dition de commandes et envois de colis"},{"@type":"WebPage","@id":"https:\/\/www.software-domain.com\/solutions-ecommerce-nantes\/les-fonctionnalites-de-nop-commerce\/caracteristiques-et-gestion-dexpedition-dune-boutique-en-ligne\/#webpage","url":"https:\/\/www.software-domain.com\/solutions-ecommerce-nantes\/les-fonctionnalites-de-nop-commerce\/caracteristiques-et-gestion-dexpedition-dune-boutique-en-ligne\/","name":"Configuration d'exp\u00e9dition pour une boutique en ligne NopCommerce","isPartOf":{"@id":"https:\/\/www.software-domain.com\/solutions-ecommerce-nantes\/#website"},"primaryImageOfPage":{"@id":"https:\/\/www.software-domain.com\/solutions-ecommerce-nantes\/les-fonctionnalites-de-nop-commerce\/caracteristiques-et-gestion-dexpedition-dune-boutique-en-ligne\/#primaryimage"},"datePublished":"2021-12-24T09:20:26+00:00","dateModified":"2022-05-12T11:30:08+00:00","description":"Caract\u00e9ristiques d'exp\u00e9dition d'une boutique en ligne : nopCommerce propose de multiples fonctionnalit\u00e9s pour la gestion des envois.","breadcrumb":{"@id":"https:\/\/www.software-domain.com\/solutions-ecommerce-nantes\/les-fonctionnalites-de-nop-commerce\/caracteristiques-et-gestion-dexpedition-dune-boutique-en-ligne\/#breadcrumb"},"inLanguage":"fr-FR","potentialAction":[{"@type":"ReadAction","target":["https:\/\/www.software-domain.com\/solutions-ecommerce-nantes\/les-fonctionnalites-de-nop-commerce\/caracteristiques-et-gestion-dexpedition-dune-boutique-en-ligne\/"]}]},{"@type":"BreadcrumbList","@id":"https:\/\/www.software-domain.com\/solutions-ecommerce-nantes\/les-fonctionnalites-de-nop-commerce\/caracteristiques-et-gestion-dexpedition-dune-boutique-en-ligne\/#breadcrumb","itemListElement":[{"@type":"ListItem","position":1,"name":"Accueil","item":"https:\/\/www.software-domain.com\/solutions-ecommerce-nantes\/"},{"@type":"ListItem","position":2,"name":"Les fonctionnalit\u00e9s","item":"https:\/\/www.software-domain.com\/solutions-ecommerce-nantes\/les-fonctionnalites-de-nop-commerce\/"},{"@type":"ListItem","position":3,"name":"Caract\u00e9ristiques et gestion d&rsquo;exp\u00e9dition d&rsquo;une boutique en ligne"}]}]}},"_links":{"self":[{"href":"https:\/\/www.software-domain.com\/solutions-ecommerce-nantes\/wp-json\/wp\/v2\/pages\/1842"}],"collection":[{"href":"https:\/\/www.software-domain.com\/solutions-ecommerce-nantes\/wp-json\/wp\/v2\/pages"}],"about":[{"href":"https:\/\/www.software-domain.com\/solutions-ecommerce-nantes\/wp-json\/wp\/v2\/types\/page"}],"author":[{"embeddable":true,"href":"https:\/\/www.software-domain.com\/solutions-ecommerce-nantes\/wp-json\/wp\/v2\/users\/3"}],"replies":[{"embeddable":true,"href":"https:\/\/www.software-domain.com\/solutions-ecommerce-nantes\/wp-json\/wp\/v2\/comments?post=1842"}],"version-history":[{"count":21,"href":"https:\/\/www.software-domain.com\/solutions-ecommerce-nantes\/wp-json\/wp\/v2\/pages\/1842\/revisions"}],"predecessor-version":[{"id":2098,"href":"https:\/\/www.software-domain.com\/solutions-ecommerce-nantes\/wp-json\/wp\/v2\/pages\/1842\/revisions\/2098"}],"up":[{"embeddable":true,"href":"https:\/\/www.software-domain.com\/solutions-ecommerce-nantes\/wp-json\/wp\/v2\/pages\/1671"}],"wp:attachment":[{"href":"https:\/\/www.software-domain.com\/solutions-ecommerce-nantes\/wp-json\/wp\/v2\/media?parent=1842"}],"curies":[{"name":"wp","href":"https:\/\/api.w.org\/{rel}","templated":true}]}}