{"id":1851,"date":"2021-12-24T10:42:10","date_gmt":"2021-12-24T09:42:10","guid":{"rendered":"https:\/\/www.software-domain.com\/solutions-ecommerce-nantes\/?page_id=1851"},"modified":"2023-03-20T11:35:21","modified_gmt":"2023-03-20T10:35:21","slug":"service-client","status":"publish","type":"page","link":"https:\/\/www.software-domain.com\/solutions-ecommerce-nantes\/les-fonctionnalites-de-nop-commerce\/service-client\/","title":{"rendered":"Service client"},"content":{"rendered":"","protected":false},"excerpt":{"rendered":"","protected":false},"author":3,"featured_media":0,"parent":1671,"menu_order":7,"comment_status":"closed","ping_status":"closed","template":"","meta":[],"acf":[],"yoast_head":"<!-- This site is optimized with the Yoast SEO plugin v18.9 - https:\/\/yoast.com\/wordpress\/plugins\/seo\/ -->\n<title>Boutique e-commerce avec outils d\u00e9di\u00e9s pour le service client<\/title>\n<meta name=\"description\" content=\"NopCommerce dispose d&#039;outils d\u00e9di\u00e9s pour un service client directement int\u00e9gr\u00e9 \u00e0 votre boutique en ligne. D\u00e9couvrez ses avantages !\" \/>\n<meta name=\"robots\" content=\"index, follow, max-snippet:-1, max-image-preview:large, max-video-preview:-1\" \/>\n<link rel=\"canonical\" href=\"https:\/\/www.software-domain.com\/solutions-ecommerce-nantes\/les-fonctionnalites-de-nop-commerce\/service-client\/\" \/>\n<meta property=\"og:locale\" content=\"fr_FR\" \/>\n<meta property=\"og:type\" content=\"article\" \/>\n<meta property=\"og:title\" content=\"Choucoutez votre service client avec les outils de la boutique NopCommerce !\" \/>\n<meta property=\"og:description\" content=\"La satisfaction client \u00e7a vous parle ? Un client satisfait est un client qui va revenir acheter et qui va faire la promotion de votre boutique. En fait, c&#039;est un ambassadeur ! Voil\u00e0 les \u00e9l\u00e9ments-cl\u00e9s g\u00e9r\u00e9s directement dans le CMS NopCommerce pour rendre tous vos clients heureux !\" \/>\n<meta property=\"og:url\" content=\"https:\/\/www.software-domain.com\/solutions-ecommerce-nantes\/les-fonctionnalites-de-nop-commerce\/service-client\/\" \/>\n<meta property=\"og:site_name\" content=\"Cr\u00e9ation site ecommerce \u00e0 Nantes\" \/>\n<meta property=\"article:publisher\" content=\"https:\/\/www.facebook.com\/Agence-web-nantaise-Software-Domain-104850672225531\/\" \/>\n<meta property=\"article:modified_time\" content=\"2023-03-20T10:35:21+00:00\" \/>\n<meta property=\"og:image\" content=\"https:\/\/www.software-domain.com\/solutions-ecommerce-nantes\/wp-content\/uploads\/2022\/01\/Outils-dedies-boutique-en-ligne-software-Domain.jpg\" \/>\n\t<meta property=\"og:image:width\" content=\"1000\" \/>\n\t<meta property=\"og:image:height\" content=\"667\" \/>\n\t<meta property=\"og:image:type\" content=\"image\/jpeg\" \/>\n<meta name=\"twitter:card\" content=\"summary_large_image\" \/>\n<meta name=\"twitter:title\" content=\"Gestion de la satisfaction client, vous faites comment ?\" \/>\n<meta name=\"twitter:description\" content=\"La solution e-commerce NopCommerce propose un panel d&#039;outils pour g\u00e9rer au mieux votre service client, d\u00e9couvrez-les !\" \/>\n<meta name=\"twitter:image\" content=\"https:\/\/www.software-domain.com\/solutions-ecommerce-nantes\/wp-content\/uploads\/2022\/01\/Outils-dedies-boutique-en-ligne-software-Domain.jpg\" \/>\n<meta name=\"twitter:site\" content=\"@softwaredomain\" \/>\n<script type=\"application\/ld+json\" class=\"yoast-schema-graph\">{\"@context\":\"https:\/\/schema.org\",\"@graph\":[{\"@type\":\"Organization\",\"@id\":\"https:\/\/www.software-domain.com\/solutions-ecommerce-nantes\/#organization\",\"name\":\"Software Domain\",\"url\":\"https:\/\/www.software-domain.com\/solutions-ecommerce-nantes\/\",\"sameAs\":[\"https:\/\/fr.linkedin.com\/company\/software-domain\",\"https:\/\/www.pinterest.fr\/18e2ddef2d2f027b2095bca2e16257\/\",\"https:\/\/www.facebook.com\/Agence-web-nantaise-Software-Domain-104850672225531\/\",\"https:\/\/twitter.com\/softwaredomain\"],\"logo\":{\"@type\":\"ImageObject\",\"inLanguage\":\"fr-FR\",\"@id\":\"https:\/\/www.software-domain.com\/solutions-ecommerce-nantes\/#\/schema\/logo\/image\/\",\"url\":\"https:\/\/www.software-domain.com\/solutions-ecommerce-nantes\/wp-content\/uploads\/2018\/12\/software-domain.png\",\"contentUrl\":\"https:\/\/www.software-domain.com\/solutions-ecommerce-nantes\/wp-content\/uploads\/2018\/12\/software-domain.png\",\"width\":135,\"height\":49,\"caption\":\"Software Domain\"},\"image\":{\"@id\":\"https:\/\/www.software-domain.com\/solutions-ecommerce-nantes\/#\/schema\/logo\/image\/\"}},{\"@type\":\"WebSite\",\"@id\":\"https:\/\/www.software-domain.com\/solutions-ecommerce-nantes\/#website\",\"url\":\"https:\/\/www.software-domain.com\/solutions-ecommerce-nantes\/\",\"name\":\"Cr\u00e9ation site ecommerce \u00e0 Nantes\",\"description\":\"Cr\u00e9ation de boutique e-commerce\",\"publisher\":{\"@id\":\"https:\/\/www.software-domain.com\/solutions-ecommerce-nantes\/#organization\"},\"potentialAction\":[{\"@type\":\"SearchAction\",\"target\":{\"@type\":\"EntryPoint\",\"urlTemplate\":\"https:\/\/www.software-domain.com\/solutions-ecommerce-nantes\/?s={search_term_string}\"},\"query-input\":\"required name=search_term_string\"}],\"inLanguage\":\"fr-FR\"},{\"@type\":\"ImageObject\",\"inLanguage\":\"fr-FR\",\"@id\":\"https:\/\/www.software-domain.com\/solutions-ecommerce-nantes\/les-fonctionnalites-de-nop-commerce\/service-client\/#primaryimage\",\"url\":\"https:\/\/www.software-domain.com\/solutions-ecommerce-nantes\/wp-content\/uploads\/2022\/01\/Outils-dedies-boutique-en-ligne-software-Domain.jpg\",\"contentUrl\":\"https:\/\/www.software-domain.com\/solutions-ecommerce-nantes\/wp-content\/uploads\/2022\/01\/Outils-dedies-boutique-en-ligne-software-Domain.jpg\",\"width\":1000,\"height\":667,\"caption\":\"Service client boutique NopCommerce\"},{\"@type\":\"WebPage\",\"@id\":\"https:\/\/www.software-domain.com\/solutions-ecommerce-nantes\/les-fonctionnalites-de-nop-commerce\/service-client\/#webpage\",\"url\":\"https:\/\/www.software-domain.com\/solutions-ecommerce-nantes\/les-fonctionnalites-de-nop-commerce\/service-client\/\",\"name\":\"Boutique e-commerce avec outils d\u00e9di\u00e9s pour le service client\",\"isPartOf\":{\"@id\":\"https:\/\/www.software-domain.com\/solutions-ecommerce-nantes\/#website\"},\"primaryImageOfPage\":{\"@id\":\"https:\/\/www.software-domain.com\/solutions-ecommerce-nantes\/les-fonctionnalites-de-nop-commerce\/service-client\/#primaryimage\"},\"datePublished\":\"2021-12-24T09:42:10+00:00\",\"dateModified\":\"2023-03-20T10:35:21+00:00\",\"description\":\"NopCommerce dispose d'outils d\u00e9di\u00e9s pour un service client directement int\u00e9gr\u00e9 \u00e0 votre boutique en ligne. D\u00e9couvrez ses avantages !\",\"breadcrumb\":{\"@id\":\"https:\/\/www.software-domain.com\/solutions-ecommerce-nantes\/les-fonctionnalites-de-nop-commerce\/service-client\/#breadcrumb\"},\"inLanguage\":\"fr-FR\",\"potentialAction\":[{\"@type\":\"ReadAction\",\"target\":[\"https:\/\/www.software-domain.com\/solutions-ecommerce-nantes\/les-fonctionnalites-de-nop-commerce\/service-client\/\"]}]},{\"@type\":\"BreadcrumbList\",\"@id\":\"https:\/\/www.software-domain.com\/solutions-ecommerce-nantes\/les-fonctionnalites-de-nop-commerce\/service-client\/#breadcrumb\",\"itemListElement\":[{\"@type\":\"ListItem\",\"position\":1,\"name\":\"Accueil\",\"item\":\"https:\/\/www.software-domain.com\/solutions-ecommerce-nantes\/\"},{\"@type\":\"ListItem\",\"position\":2,\"name\":\"Les fonctionnalit\u00e9s\",\"item\":\"https:\/\/www.software-domain.com\/solutions-ecommerce-nantes\/les-fonctionnalites-de-nop-commerce\/\"},{\"@type\":\"ListItem\",\"position\":3,\"name\":\"Service client\"}]}]}<\/script>\n<!-- \/ Yoast SEO plugin. -->","yoast_head_json":{"title":"Boutique e-commerce avec outils d\u00e9di\u00e9s pour le service client","description":"NopCommerce dispose d'outils d\u00e9di\u00e9s pour un service client directement int\u00e9gr\u00e9 \u00e0 votre boutique en ligne. D\u00e9couvrez ses avantages !","robots":{"index":"index","follow":"follow","max-snippet":"max-snippet:-1","max-image-preview":"max-image-preview:large","max-video-preview":"max-video-preview:-1"},"canonical":"https:\/\/www.software-domain.com\/solutions-ecommerce-nantes\/les-fonctionnalites-de-nop-commerce\/service-client\/","og_locale":"fr_FR","og_type":"article","og_title":"Choucoutez votre service client avec les outils de la boutique NopCommerce !","og_description":"La satisfaction client \u00e7a vous parle ? Un client satisfait est un client qui va revenir acheter et qui va faire la promotion de votre boutique. En fait, c'est un ambassadeur ! Voil\u00e0 les \u00e9l\u00e9ments-cl\u00e9s g\u00e9r\u00e9s directement dans le CMS NopCommerce pour rendre tous vos clients heureux !","og_url":"https:\/\/www.software-domain.com\/solutions-ecommerce-nantes\/les-fonctionnalites-de-nop-commerce\/service-client\/","og_site_name":"Cr\u00e9ation site ecommerce \u00e0 Nantes","article_publisher":"https:\/\/www.facebook.com\/Agence-web-nantaise-Software-Domain-104850672225531\/","article_modified_time":"2023-03-20T10:35:21+00:00","og_image":[{"width":1000,"height":667,"url":"https:\/\/www.software-domain.com\/solutions-ecommerce-nantes\/wp-content\/uploads\/2022\/01\/Outils-dedies-boutique-en-ligne-software-Domain.jpg","type":"image\/jpeg"}],"twitter_card":"summary_large_image","twitter_title":"Gestion de la satisfaction client, vous faites comment ?","twitter_description":"La solution e-commerce NopCommerce propose un panel d'outils pour g\u00e9rer au mieux votre service client, d\u00e9couvrez-les !","twitter_image":"https:\/\/www.software-domain.com\/solutions-ecommerce-nantes\/wp-content\/uploads\/2022\/01\/Outils-dedies-boutique-en-ligne-software-Domain.jpg","twitter_site":"@softwaredomain","schema":{"@context":"https:\/\/schema.org","@graph":[{"@type":"Organization","@id":"https:\/\/www.software-domain.com\/solutions-ecommerce-nantes\/#organization","name":"Software Domain","url":"https:\/\/www.software-domain.com\/solutions-ecommerce-nantes\/","sameAs":["https:\/\/fr.linkedin.com\/company\/software-domain","https:\/\/www.pinterest.fr\/18e2ddef2d2f027b2095bca2e16257\/","https:\/\/www.facebook.com\/Agence-web-nantaise-Software-Domain-104850672225531\/","https:\/\/twitter.com\/softwaredomain"],"logo":{"@type":"ImageObject","inLanguage":"fr-FR","@id":"https:\/\/www.software-domain.com\/solutions-ecommerce-nantes\/#\/schema\/logo\/image\/","url":"https:\/\/www.software-domain.com\/solutions-ecommerce-nantes\/wp-content\/uploads\/2018\/12\/software-domain.png","contentUrl":"https:\/\/www.software-domain.com\/solutions-ecommerce-nantes\/wp-content\/uploads\/2018\/12\/software-domain.png","width":135,"height":49,"caption":"Software Domain"},"image":{"@id":"https:\/\/www.software-domain.com\/solutions-ecommerce-nantes\/#\/schema\/logo\/image\/"}},{"@type":"WebSite","@id":"https:\/\/www.software-domain.com\/solutions-ecommerce-nantes\/#website","url":"https:\/\/www.software-domain.com\/solutions-ecommerce-nantes\/","name":"Cr\u00e9ation site ecommerce \u00e0 Nantes","description":"Cr\u00e9ation de boutique e-commerce","publisher":{"@id":"https:\/\/www.software-domain.com\/solutions-ecommerce-nantes\/#organization"},"potentialAction":[{"@type":"SearchAction","target":{"@type":"EntryPoint","urlTemplate":"https:\/\/www.software-domain.com\/solutions-ecommerce-nantes\/?s={search_term_string}"},"query-input":"required name=search_term_string"}],"inLanguage":"fr-FR"},{"@type":"ImageObject","inLanguage":"fr-FR","@id":"https:\/\/www.software-domain.com\/solutions-ecommerce-nantes\/les-fonctionnalites-de-nop-commerce\/service-client\/#primaryimage","url":"https:\/\/www.software-domain.com\/solutions-ecommerce-nantes\/wp-content\/uploads\/2022\/01\/Outils-dedies-boutique-en-ligne-software-Domain.jpg","contentUrl":"https:\/\/www.software-domain.com\/solutions-ecommerce-nantes\/wp-content\/uploads\/2022\/01\/Outils-dedies-boutique-en-ligne-software-Domain.jpg","width":1000,"height":667,"caption":"Service client boutique NopCommerce"},{"@type":"WebPage","@id":"https:\/\/www.software-domain.com\/solutions-ecommerce-nantes\/les-fonctionnalites-de-nop-commerce\/service-client\/#webpage","url":"https:\/\/www.software-domain.com\/solutions-ecommerce-nantes\/les-fonctionnalites-de-nop-commerce\/service-client\/","name":"Boutique e-commerce avec outils d\u00e9di\u00e9s pour le service client","isPartOf":{"@id":"https:\/\/www.software-domain.com\/solutions-ecommerce-nantes\/#website"},"primaryImageOfPage":{"@id":"https:\/\/www.software-domain.com\/solutions-ecommerce-nantes\/les-fonctionnalites-de-nop-commerce\/service-client\/#primaryimage"},"datePublished":"2021-12-24T09:42:10+00:00","dateModified":"2023-03-20T10:35:21+00:00","description":"NopCommerce dispose d'outils d\u00e9di\u00e9s pour un service client directement int\u00e9gr\u00e9 \u00e0 votre boutique en ligne. D\u00e9couvrez ses avantages !","breadcrumb":{"@id":"https:\/\/www.software-domain.com\/solutions-ecommerce-nantes\/les-fonctionnalites-de-nop-commerce\/service-client\/#breadcrumb"},"inLanguage":"fr-FR","potentialAction":[{"@type":"ReadAction","target":["https:\/\/www.software-domain.com\/solutions-ecommerce-nantes\/les-fonctionnalites-de-nop-commerce\/service-client\/"]}]},{"@type":"BreadcrumbList","@id":"https:\/\/www.software-domain.com\/solutions-ecommerce-nantes\/les-fonctionnalites-de-nop-commerce\/service-client\/#breadcrumb","itemListElement":[{"@type":"ListItem","position":1,"name":"Accueil","item":"https:\/\/www.software-domain.com\/solutions-ecommerce-nantes\/"},{"@type":"ListItem","position":2,"name":"Les fonctionnalit\u00e9s","item":"https:\/\/www.software-domain.com\/solutions-ecommerce-nantes\/les-fonctionnalites-de-nop-commerce\/"},{"@type":"ListItem","position":3,"name":"Service client"}]}]}},"_links":{"self":[{"href":"https:\/\/www.software-domain.com\/solutions-ecommerce-nantes\/wp-json\/wp\/v2\/pages\/1851"}],"collection":[{"href":"https:\/\/www.software-domain.com\/solutions-ecommerce-nantes\/wp-json\/wp\/v2\/pages"}],"about":[{"href":"https:\/\/www.software-domain.com\/solutions-ecommerce-nantes\/wp-json\/wp\/v2\/types\/page"}],"author":[{"embeddable":true,"href":"https:\/\/www.software-domain.com\/solutions-ecommerce-nantes\/wp-json\/wp\/v2\/users\/3"}],"replies":[{"embeddable":true,"href":"https:\/\/www.software-domain.com\/solutions-ecommerce-nantes\/wp-json\/wp\/v2\/comments?post=1851"}],"version-history":[{"count":14,"href":"https:\/\/www.software-domain.com\/solutions-ecommerce-nantes\/wp-json\/wp\/v2\/pages\/1851\/revisions"}],"predecessor-version":[{"id":2224,"href":"https:\/\/www.software-domain.com\/solutions-ecommerce-nantes\/wp-json\/wp\/v2\/pages\/1851\/revisions\/2224"}],"up":[{"embeddable":true,"href":"https:\/\/www.software-domain.com\/solutions-ecommerce-nantes\/wp-json\/wp\/v2\/pages\/1671"}],"wp:attachment":[{"href":"https:\/\/www.software-domain.com\/solutions-ecommerce-nantes\/wp-json\/wp\/v2\/media?parent=1851"}],"curies":[{"name":"wp","href":"https:\/\/api.w.org\/{rel}","templated":true}]}}