{"id":244,"date":"2018-12-05T22:10:30","date_gmt":"2018-12-05T21:10:30","guid":{"rendered":"https:\/\/www.software-domain.com\/creation-site-internet-nantes\/?page_id=244"},"modified":"2022-05-11T12:24:25","modified_gmt":"2022-05-11T10:24:25","slug":"contact","status":"publish","type":"page","link":"https:\/\/www.software-domain.com\/solutions-ecommerce-nantes\/contact\/","title":{"rendered":"Contact"},"content":{"rendered":"","protected":false},"excerpt":{"rendered":"","protected":false},"author":3,"featured_media":0,"parent":0,"menu_order":0,"comment_status":"closed","ping_status":"closed","template":"","meta":[],"acf":[],"yoast_head":"<!-- This site is optimized with the Yoast SEO plugin v18.9 - https:\/\/yoast.com\/wordpress\/plugins\/seo\/ -->\n<title>FAQ cr\u00e9ation de site e-commerce : tout savoir sur les boutiques en ligne<\/title>\n<meta name=\"description\" content=\"Vous vous posez des questions sur le processus de cr\u00e9ation et d\u00e9veloppement de site e-commerce ? Rdv sur Nantes et r\u00e9gion PdL, 02 28 01 14 00\" \/>\n<meta name=\"robots\" content=\"noindex, follow\" \/>\n<meta property=\"og:locale\" content=\"fr_FR\" \/>\n<meta property=\"og:type\" content=\"article\" \/>\n<meta property=\"og:title\" content=\"Contactez-nous pour en savoir plus sur la cr\u00e9ation de site e-commerce\" \/>\n<meta property=\"og:description\" content=\"Cr\u00e9er une boutique en ligne est une chose, assurer sa s\u00e9curit\u00e9 et sa maintenance en est une autre, d\u00e9velopper le chiffre d&#039;affaires est l&#039;objectif : contactez-nous pour b\u00e9n\u00e9ficier de notre expertise e-commerce depuis 1994.\" \/>\n<meta property=\"og:url\" content=\"https:\/\/www.software-domain.com\/solutions-ecommerce-nantes\/contact\/\" \/>\n<meta property=\"og:site_name\" content=\"Cr\u00e9ation site ecommerce \u00e0 Nantes\" \/>\n<meta property=\"article:publisher\" content=\"https:\/\/www.facebook.com\/Agence-web-nantaise-Software-Domain-104850672225531\/\" \/>\n<meta property=\"article:modified_time\" content=\"2022-05-11T10:24:25+00:00\" \/>\n<meta property=\"og:image\" content=\"https:\/\/www.software-domain.com\/solutions-ecommerce-nantes\/wp-content\/uploads\/2022\/01\/e-commerce-software-domain-e1674740950788.jpg\" \/>\n\t<meta property=\"og:image:width\" content=\"600\" \/>\n\t<meta property=\"og:image:height\" content=\"400\" \/>\n\t<meta property=\"og:image:type\" content=\"image\/jpeg\" \/>\n<meta name=\"twitter:card\" content=\"summary_large_image\" \/>\n<meta name=\"twitter:title\" content=\"\ud83d\ude4bPosez-nous vos questions sur la cr\u00e9ation de site e-commerce !\" \/>\n<meta name=\"twitter:description\" content=\"Nos retours d&#039;exp\u00e9rience en d\u00e9veloppement de sites e-commerce depuis 1994 \ud83c\udfc6\" \/>\n<meta name=\"twitter:image\" content=\"https:\/\/www.software-domain.com\/solutions-ecommerce-nantes\/wp-content\/uploads\/2022\/01\/e-commerce-software-domain-e1674740950788.jpg\" \/>\n<meta name=\"twitter:site\" content=\"@softwaredomain\" \/>\n<script type=\"application\/ld+json\" class=\"yoast-schema-graph\">{\"@context\":\"https:\/\/schema.org\",\"@graph\":[{\"@type\":\"Organization\",\"@id\":\"https:\/\/www.software-domain.com\/solutions-ecommerce-nantes\/#organization\",\"name\":\"Software Domain\",\"url\":\"https:\/\/www.software-domain.com\/solutions-ecommerce-nantes\/\",\"sameAs\":[\"https:\/\/fr.linkedin.com\/company\/software-domain\",\"https:\/\/www.pinterest.fr\/18e2ddef2d2f027b2095bca2e16257\/\",\"https:\/\/www.facebook.com\/Agence-web-nantaise-Software-Domain-104850672225531\/\",\"https:\/\/twitter.com\/softwaredomain\"],\"logo\":{\"@type\":\"ImageObject\",\"inLanguage\":\"fr-FR\",\"@id\":\"https:\/\/www.software-domain.com\/solutions-ecommerce-nantes\/#\/schema\/logo\/image\/\",\"url\":\"https:\/\/www.software-domain.com\/solutions-ecommerce-nantes\/wp-content\/uploads\/2018\/12\/software-domain.png\",\"contentUrl\":\"https:\/\/www.software-domain.com\/solutions-ecommerce-nantes\/wp-content\/uploads\/2018\/12\/software-domain.png\",\"width\":135,\"height\":49,\"caption\":\"Software Domain\"},\"image\":{\"@id\":\"https:\/\/www.software-domain.com\/solutions-ecommerce-nantes\/#\/schema\/logo\/image\/\"}},{\"@type\":\"WebSite\",\"@id\":\"https:\/\/www.software-domain.com\/solutions-ecommerce-nantes\/#website\",\"url\":\"https:\/\/www.software-domain.com\/solutions-ecommerce-nantes\/\",\"name\":\"Cr\u00e9ation site ecommerce \u00e0 Nantes\",\"description\":\"Cr\u00e9ation de boutique e-commerce\",\"publisher\":{\"@id\":\"https:\/\/www.software-domain.com\/solutions-ecommerce-nantes\/#organization\"},\"potentialAction\":[{\"@type\":\"SearchAction\",\"target\":{\"@type\":\"EntryPoint\",\"urlTemplate\":\"https:\/\/www.software-domain.com\/solutions-ecommerce-nantes\/?s={search_term_string}\"},\"query-input\":\"required name=search_term_string\"}],\"inLanguage\":\"fr-FR\"},{\"@type\":\"ImageObject\",\"inLanguage\":\"fr-FR\",\"@id\":\"https:\/\/www.software-domain.com\/solutions-ecommerce-nantes\/contact\/#primaryimage\",\"url\":\"https:\/\/www.software-domain.com\/solutions-ecommerce-nantes\/wp-content\/uploads\/2022\/01\/e-commerce-software-domain-e1674740950788.jpg\",\"contentUrl\":\"https:\/\/www.software-domain.com\/solutions-ecommerce-nantes\/wp-content\/uploads\/2022\/01\/e-commerce-software-domain-e1674740950788.jpg\",\"width\":600,\"height\":400,\"caption\":\"Echanges sur le d\u00e9veloppement e-commerce\"},{\"@type\":\"WebPage\",\"@id\":\"https:\/\/www.software-domain.com\/solutions-ecommerce-nantes\/contact\/#webpage\",\"url\":\"https:\/\/www.software-domain.com\/solutions-ecommerce-nantes\/contact\/\",\"name\":\"FAQ cr\u00e9ation de site e-commerce : tout savoir sur les boutiques en ligne\",\"isPartOf\":{\"@id\":\"https:\/\/www.software-domain.com\/solutions-ecommerce-nantes\/#website\"},\"primaryImageOfPage\":{\"@id\":\"https:\/\/www.software-domain.com\/solutions-ecommerce-nantes\/contact\/#primaryimage\"},\"datePublished\":\"2018-12-05T21:10:30+00:00\",\"dateModified\":\"2022-05-11T10:24:25+00:00\",\"description\":\"Vous vous posez des questions sur le processus de cr\u00e9ation et d\u00e9veloppement de site e-commerce ? Rdv sur Nantes et r\u00e9gion PdL, 02 28 01 14 00\",\"breadcrumb\":{\"@id\":\"https:\/\/www.software-domain.com\/solutions-ecommerce-nantes\/contact\/#breadcrumb\"},\"inLanguage\":\"fr-FR\",\"potentialAction\":[{\"@type\":\"ReadAction\",\"target\":[\"https:\/\/www.software-domain.com\/solutions-ecommerce-nantes\/contact\/\"]}]},{\"@type\":\"BreadcrumbList\",\"@id\":\"https:\/\/www.software-domain.com\/solutions-ecommerce-nantes\/contact\/#breadcrumb\",\"itemListElement\":[{\"@type\":\"ListItem\",\"position\":1,\"name\":\"Accueil\",\"item\":\"https:\/\/www.software-domain.com\/solutions-ecommerce-nantes\/\"},{\"@type\":\"ListItem\",\"position\":2,\"name\":\"Contact\"}]}]}<\/script>\n<!-- \/ Yoast SEO plugin. -->","yoast_head_json":{"title":"FAQ cr\u00e9ation de site e-commerce : tout savoir sur les boutiques en ligne","description":"Vous vous posez des questions sur le processus de cr\u00e9ation et d\u00e9veloppement de site e-commerce ? Rdv sur Nantes et r\u00e9gion PdL, 02 28 01 14 00","robots":{"index":"noindex","follow":"follow"},"og_locale":"fr_FR","og_type":"article","og_title":"Contactez-nous pour en savoir plus sur la cr\u00e9ation de site e-commerce","og_description":"Cr\u00e9er une boutique en ligne est une chose, assurer sa s\u00e9curit\u00e9 et sa maintenance en est une autre, d\u00e9velopper le chiffre d'affaires est l'objectif : contactez-nous pour b\u00e9n\u00e9ficier de notre expertise e-commerce depuis 1994.","og_url":"https:\/\/www.software-domain.com\/solutions-ecommerce-nantes\/contact\/","og_site_name":"Cr\u00e9ation site ecommerce \u00e0 Nantes","article_publisher":"https:\/\/www.facebook.com\/Agence-web-nantaise-Software-Domain-104850672225531\/","article_modified_time":"2022-05-11T10:24:25+00:00","og_image":[{"width":600,"height":400,"url":"https:\/\/www.software-domain.com\/solutions-ecommerce-nantes\/wp-content\/uploads\/2022\/01\/e-commerce-software-domain-e1674740950788.jpg","type":"image\/jpeg"}],"twitter_card":"summary_large_image","twitter_title":"\ud83d\ude4bPosez-nous vos questions sur la cr\u00e9ation de site e-commerce !","twitter_description":"Nos retours d'exp\u00e9rience en d\u00e9veloppement de sites e-commerce depuis 1994 \ud83c\udfc6","twitter_image":"https:\/\/www.software-domain.com\/solutions-ecommerce-nantes\/wp-content\/uploads\/2022\/01\/e-commerce-software-domain-e1674740950788.jpg","twitter_site":"@softwaredomain","schema":{"@context":"https:\/\/schema.org","@graph":[{"@type":"Organization","@id":"https:\/\/www.software-domain.com\/solutions-ecommerce-nantes\/#organization","name":"Software Domain","url":"https:\/\/www.software-domain.com\/solutions-ecommerce-nantes\/","sameAs":["https:\/\/fr.linkedin.com\/company\/software-domain","https:\/\/www.pinterest.fr\/18e2ddef2d2f027b2095bca2e16257\/","https:\/\/www.facebook.com\/Agence-web-nantaise-Software-Domain-104850672225531\/","https:\/\/twitter.com\/softwaredomain"],"logo":{"@type":"ImageObject","inLanguage":"fr-FR","@id":"https:\/\/www.software-domain.com\/solutions-ecommerce-nantes\/#\/schema\/logo\/image\/","url":"https:\/\/www.software-domain.com\/solutions-ecommerce-nantes\/wp-content\/uploads\/2018\/12\/software-domain.png","contentUrl":"https:\/\/www.software-domain.com\/solutions-ecommerce-nantes\/wp-content\/uploads\/2018\/12\/software-domain.png","width":135,"height":49,"caption":"Software Domain"},"image":{"@id":"https:\/\/www.software-domain.com\/solutions-ecommerce-nantes\/#\/schema\/logo\/image\/"}},{"@type":"WebSite","@id":"https:\/\/www.software-domain.com\/solutions-ecommerce-nantes\/#website","url":"https:\/\/www.software-domain.com\/solutions-ecommerce-nantes\/","name":"Cr\u00e9ation site ecommerce \u00e0 Nantes","description":"Cr\u00e9ation de boutique e-commerce","publisher":{"@id":"https:\/\/www.software-domain.com\/solutions-ecommerce-nantes\/#organization"},"potentialAction":[{"@type":"SearchAction","target":{"@type":"EntryPoint","urlTemplate":"https:\/\/www.software-domain.com\/solutions-ecommerce-nantes\/?s={search_term_string}"},"query-input":"required name=search_term_string"}],"inLanguage":"fr-FR"},{"@type":"ImageObject","inLanguage":"fr-FR","@id":"https:\/\/www.software-domain.com\/solutions-ecommerce-nantes\/contact\/#primaryimage","url":"https:\/\/www.software-domain.com\/solutions-ecommerce-nantes\/wp-content\/uploads\/2022\/01\/e-commerce-software-domain-e1674740950788.jpg","contentUrl":"https:\/\/www.software-domain.com\/solutions-ecommerce-nantes\/wp-content\/uploads\/2022\/01\/e-commerce-software-domain-e1674740950788.jpg","width":600,"height":400,"caption":"Echanges sur le d\u00e9veloppement e-commerce"},{"@type":"WebPage","@id":"https:\/\/www.software-domain.com\/solutions-ecommerce-nantes\/contact\/#webpage","url":"https:\/\/www.software-domain.com\/solutions-ecommerce-nantes\/contact\/","name":"FAQ cr\u00e9ation de site e-commerce : tout savoir sur les boutiques en ligne","isPartOf":{"@id":"https:\/\/www.software-domain.com\/solutions-ecommerce-nantes\/#website"},"primaryImageOfPage":{"@id":"https:\/\/www.software-domain.com\/solutions-ecommerce-nantes\/contact\/#primaryimage"},"datePublished":"2018-12-05T21:10:30+00:00","dateModified":"2022-05-11T10:24:25+00:00","description":"Vous vous posez des questions sur le processus de cr\u00e9ation et d\u00e9veloppement de site e-commerce ? Rdv sur Nantes et r\u00e9gion PdL, 02 28 01 14 00","breadcrumb":{"@id":"https:\/\/www.software-domain.com\/solutions-ecommerce-nantes\/contact\/#breadcrumb"},"inLanguage":"fr-FR","potentialAction":[{"@type":"ReadAction","target":["https:\/\/www.software-domain.com\/solutions-ecommerce-nantes\/contact\/"]}]},{"@type":"BreadcrumbList","@id":"https:\/\/www.software-domain.com\/solutions-ecommerce-nantes\/contact\/#breadcrumb","itemListElement":[{"@type":"ListItem","position":1,"name":"Accueil","item":"https:\/\/www.software-domain.com\/solutions-ecommerce-nantes\/"},{"@type":"ListItem","position":2,"name":"Contact"}]}]}},"_links":{"self":[{"href":"https:\/\/www.software-domain.com\/solutions-ecommerce-nantes\/wp-json\/wp\/v2\/pages\/244"}],"collection":[{"href":"https:\/\/www.software-domain.com\/solutions-ecommerce-nantes\/wp-json\/wp\/v2\/pages"}],"about":[{"href":"https:\/\/www.software-domain.com\/solutions-ecommerce-nantes\/wp-json\/wp\/v2\/types\/page"}],"author":[{"embeddable":true,"href":"https:\/\/www.software-domain.com\/solutions-ecommerce-nantes\/wp-json\/wp\/v2\/users\/3"}],"replies":[{"embeddable":true,"href":"https:\/\/www.software-domain.com\/solutions-ecommerce-nantes\/wp-json\/wp\/v2\/comments?post=244"}],"version-history":[{"count":15,"href":"https:\/\/www.software-domain.com\/solutions-ecommerce-nantes\/wp-json\/wp\/v2\/pages\/244\/revisions"}],"predecessor-version":[{"id":686,"href":"https:\/\/www.software-domain.com\/solutions-ecommerce-nantes\/wp-json\/wp\/v2\/pages\/244\/revisions\/686"}],"wp:attachment":[{"href":"https:\/\/www.software-domain.com\/solutions-ecommerce-nantes\/wp-json\/wp\/v2\/media?parent=244"}],"curies":[{"name":"wp","href":"https:\/\/api.w.org\/{rel}","templated":true}]}}